{"id":20728,"date":"2026-02-18T11:34:48","date_gmt":"2026-02-18T07:34:48","guid":{"rendered":"https:\/\/setap.az\/?post_type=product&#038;p=20728"},"modified":"2026-02-18T11:34:48","modified_gmt":"2026-02-18T07:34:48","slug":"tp-link-ls1008-8-portlu-10-100-mbps-desktop-switch","status":"publish","type":"product","link":"https:\/\/setap.az\/?product=tp-link-ls1008-8-portlu-10-100-mbps-desktop-switch","title":{"rendered":"TP-Link LS1008 \u2014 8-portlu 10\/100 Mbps Desktop Switch"},"content":{"rendered":"<p>Model: TP-Link LS1008 \u2014 8-portlu 10\/100 Mbps Desktop Switch<br \/>\n M\u0259hsulun X\u00fcsusiyy\u0259tl\u0259ri<br \/>\n 8 \u0259d\u0259d 10\/100 Mbps RJ45 port \u2013 daha \u00e7ox cihaz\u0131 bir \u015f\u0259b\u0259k\u0259y\u0259 qo\u015fun.<br \/>\n Auto-MDI\/MDIX d\u0259st\u0259yi \u2013 kabell\u0259ri qar\u0131\u015fd\u0131rmadan qo\u015fun.<br \/>\n Plug &#038; Play \u2013 he\u00e7 bir konfiqurasiya laz\u0131m deyil.<br \/>\n Green Ethernet texnologiyas\u0131 \u2013 enerji s\u0259rfiyyat\u0131n\u0131 azald\u0131r v\u0259 iqtisadi i\u015fl\u0259yir.<br \/>\n Fans\u0131z dizayn \u2013 s\u0259ssiz \u0259m\u0259liyyat.<br \/>\n Kompakt masa\u00fcst\u00fc formas\u0131 \u2013 ev, ofis v\u0259 ki\u00e7ik biznes \u00fc\u00e7\u00fcn ideal.<br \/>\n Tamamil\u0259 y\u00f6netimsel olmayan switch \u2013 sad\u0259, s\u00fcr\u0259tli v\u0259 problemsiz.<\/p>\n<p> \u2714Qo\u015fun v\u0259 d\u0259rhal istifad\u0259 edin \u2014 mar\u015frutlay\u0131c\u0131n\u0131zdan \u0259lav\u0259 cihazlara (komp\u00fcter, printer, IP kamera v\u0259 s.) s\u00fcr\u0259tli \u015f\u0259b\u0259k\u0259 ba\u011flant\u0131s\u0131 yarad\u0131n.<\/p>\n<p>\ud83d\udcc8 Kiml\u0259r \u00dc\u00e7\u00fcnd\u00fcr?<br \/>\n\u2714 Ev istifad\u0259\u00e7il\u0259ri<br \/>\n\u2714 Ki\u00e7ik ofisl\u0259r v\u0259 ma\u011fazalar<br \/>\n\u2714 T\u0259hl\u00fck\u0259sizlik kameralar\u0131 v\u0259 IoT cihazlar\u0131<br \/>\n\u2714 \u0130nternet kafe v\u0259 laboratoriyalar \u00fc\u00e7\u00fcn uy\u011fun h\u0259ll<br \/>\n\ud83d\udcc8 \u00dcst\u00fcnl\u00fckl\u0259ri<br \/>\n\u2714 Asan qura\u015fd\u0131rma \u2013 he\u00e7 bir texniki bilik t\u0259l\u0259b olunmur<br \/>\n\u2714 Enerji s\u0259rfiyyat\u0131nda q\u0259na\u0259t \u2013 Az elektrik \ud83d\udcc9<br \/>\n\u2714 S\u0259ssiz i\u015fl\u0259m\u0259 \u2014 \u0130st\u0259nil\u0259n m\u00fchit \u00fc\u00e7\u00fcn uy\u011fundur<br \/>\n\u2714 Geni\u015f qo\u015fulma imkan\u0131 \u2013 daha \u00e7ox cihaz\u0131 t\u0259k \u015f\u0259b\u0259k\u0259d\u0259 idar\u0259 edin \ud83d\udcf6<\/p>\n","protected":false},"excerpt":{"rendered":"<p>Model: TP-Link LS1008 \u2014 8-portlu 10\/100 Mbps Desktop Switch M\u0259hsulun X\u00fcsusiyy\u0259tl\u0259ri 8 \u0259d\u0259d 10\/100 Mbps RJ45 port \u2013 daha \u00e7ox cihaz\u0131 bir \u015f\u0259b\u0259k\u0259y\u0259 qo\u015fun. Auto-MDI\/MDIX d\u0259st\u0259yi \u2013 kabell\u0259ri qar\u0131\u015fd\u0131rmadan qo\u015fun. Plug &#038; Play \u2013 he\u00e7 bir konfiqurasiya laz\u0131m deyil. Green Ethernet texnologiyas\u0131 \u2013 enerji s\u0259rfiyyat\u0131n\u0131 azald\u0131r v\u0259 iqtisadi i\u015fl\u0259yir. Fans\u0131z dizayn \u2013 s\u0259ssiz \u0259m\u0259liyyat. Kompakt&hellip;<\/p>\n","protected":false},"featured_media":20729,"comment_status":"open","ping_status":"closed","template":"","meta":[],"product_cat":[2955,2940,3060,4088],"product_tag":[5170,5469,5468,5470,5464,5019,5467,3826,5465,5471,5466,2926],"class_list":{"0":"post-20728","1":"product","2":"type-product","3":"status-publish","4":"has-post-thumbnail","6":"product_cat-kommutatorlar","7":"product_cat-komutatorlar","8":"product_cat-switch","9":"product_cat-tp-link","10":"product_tag-8portswitch","11":"product_tag-ethernetswitch","12":"product_tag-evofis","13":"product_tag-itmhsullari","14":"product_tag-ls1008","15":"product_tag-networkswitch","16":"product_tag-ofishlli","17":"product_tag-sbkavadanligi","18":"product_tag-switchsatisi","19":"product_tag-techsales","20":"product_tag-texnologiyasatisi","21":"product_tag-tplink","22":"description-off","24":"first","25":"instock","26":"shipping-taxable","27":"purchasable","28":"product-type-simple"},"_links":{"self":[{"href":"https:\/\/setap.az\/index.php?rest_route=\/wp\/v2\/product\/20728","targetHints":{"allow":["GET"]}}],"collection":[{"href":"https:\/\/setap.az\/index.php?rest_route=\/wp\/v2\/product"}],"about":[{"href":"https:\/\/setap.az\/index.php?rest_route=\/wp\/v2\/types\/product"}],"replies":[{"embeddable":true,"href":"https:\/\/setap.az\/index.php?rest_route=%2Fwp%2Fv2%2Fcomments&post=20728"}],"wp:featuredmedia":[{"embeddable":true,"href":"https:\/\/setap.az\/index.php?rest_route=\/wp\/v2\/media\/20729"}],"wp:attachment":[{"href":"https:\/\/setap.az\/index.php?rest_route=%2Fwp%2Fv2%2Fmedia&parent=20728"}],"wp:term":[{"taxonomy":"product_cat","embeddable":true,"href":"https:\/\/setap.az\/index.php?rest_route=%2Fwp%2Fv2%2Fproduct_cat&post=20728"},{"taxonomy":"product_tag","embeddable":true,"href":"https:\/\/setap.az\/index.php?rest_route=%2Fwp%2Fv2%2Fproduct_tag&post=20728"}],"curies":[{"name":"wp","href":"https:\/\/api.w.org\/{rel}","templated":true}]}}