{"id":20748,"date":"2026-02-26T10:52:21","date_gmt":"2026-02-26T06:52:21","guid":{"rendered":"https:\/\/setap.az\/?post_type=product&#038;p=20748"},"modified":"2026-02-26T10:52:21","modified_gmt":"2026-02-26T06:52:21","slug":"meetion-r547-2-4g-usb-simsiz-optik-sican","status":"publish","type":"product","link":"https:\/\/setap.az\/?product=meetion-r547-2-4g-usb-simsiz-optik-sican","title":{"rendered":"Meetion R547 \u2014 2.4G USB Simsiz Optik Si\u00e7an"},"content":{"rendered":"<p>\ud83d\udca5Meetion R547 \u2014 2.4G USB Simsiz Optik Si\u00e7an<br \/>\n2.4 GHz simsiz ba\u011flant\u0131, USB Nano q\u0259buledici<br \/>\n800 \/ 1200 \/ 1600 DPI t\u0259nziml\u0259n\u0259 bil\u0259n rezolusiya<br \/>\nOptik sensorla d\u0259qiq izl\u0259m\u0259<br \/>\nT\u0259xmin\u0259n 10 m i\u015f m\u0259saf\u0259si<br \/>\nY\u00fcng\u00fcl v\u0259 kompakt dizayn<br \/>\nPlug &#038; play \u2014 \u0259lav\u0259 proqram laz\u0131m deyil<br \/>\n1\u00d7 AA batareya il\u0259 enerji (batareya daxil deyil)<\/p>\n<p>Meetion R547 USB simsiz optik si\u00e7an g\u00fcnd\u0259lik komp\u00fcter istifad\u0259nizi daha rahat v\u0259 s\u0259lis ed\u0259c\u0259k. G\u00fccl\u00fc 2.4 GHz simsiz ba\u011flant\u0131 il\u0259 t\u0259xmin\u0259n 10 m-\u0259 q\u0259d\u0259r m\u0259saf\u0259d\u0259 stabil i\u015f t\u0259klif edir. 3 s\u0259viyy\u0259li DPI (800\/1200\/1600) il\u0259 kursor s\u00fcr\u0259tini \u00f6z i\u015f t\u0259rziniz\u0259 uy\u011fun t\u0259nziml\u0259y\u0259 bil\u0259rsiniz. Kompakt v\u0259 y\u00fcng\u00fcl dizayn uzun saatlar istifad\u0259 \u00fc\u00e7\u00fcn ideald\u0131r, ergonomik tutu\u015f is\u0259 \u0259l yor\u011funlu\u011funu azald\u0131r. USB nano q\u0259buledicisi plug &#038; play funksiyas\u0131 il\u0259 d\u0259rhal qo\u015fulur \u2014 \u0259lav\u0259 proqram qura\u015fd\u0131rman\u0131za ehtiyac yoxdur. Meetion R547 \u2014 ofis, ev v\u0259 mobil istifad\u0259 \u00fc\u00e7\u00fcn s\u0259rf\u0259li v\u0259 etibarl\u0131 si\u00e7an se\u00e7imidir.<\/p>\n","protected":false},"excerpt":{"rendered":"<p>\ud83d\udca5Meetion R547 \u2014 2.4G USB Simsiz Optik Si\u00e7an 2.4 GHz simsiz ba\u011flant\u0131, USB Nano q\u0259buledici 800 \/ 1200 \/ 1600 DPI t\u0259nziml\u0259n\u0259 bil\u0259n rezolusiya Optik sensorla d\u0259qiq izl\u0259m\u0259 T\u0259xmin\u0259n 10 m i\u015f m\u0259saf\u0259si Y\u00fcng\u00fcl v\u0259 kompakt dizayn Plug &#038; play \u2014 \u0259lav\u0259 proqram laz\u0131m deyil 1\u00d7 AA batareya il\u0259 enerji (batareya daxil deyil) Meetion R547&hellip;<\/p>\n","protected":false},"featured_media":20749,"comment_status":"open","ping_status":"closed","template":"","meta":[],"product_cat":[3508,2824],"product_tag":[5507,5508,3607,5502,5509,5506,3229,5510,5511,5504,5505,5503],"class_list":{"0":"post-20748","1":"product","2":"type-product","3":"status-publish","4":"has-post-thumbnail","6":"product_cat-klavyatura-v-sicanlar","7":"product_cat-noutbuklar-v-aksesuarlar","8":"product_tag-2_4g","9":"product_tag-ergonomik","10":"product_tag-komputeraksesuarlari","11":"product_tag-meetionr547","12":"product_tag-ofisaksesuarlari","13":"product_tag-optikmouse","14":"product_tag-plugandplay","15":"product_tag-satisda","16":"product_tag-sifariset","17":"product_tag-simsizsican","18":"product_tag-usbmouse","19":"product_tag-wirelessmouse","20":"description-off","22":"first","23":"instock","24":"shipping-taxable","25":"purchasable","26":"product-type-simple"},"_links":{"self":[{"href":"https:\/\/setap.az\/index.php?rest_route=\/wp\/v2\/product\/20748","targetHints":{"allow":["GET"]}}],"collection":[{"href":"https:\/\/setap.az\/index.php?rest_route=\/wp\/v2\/product"}],"about":[{"href":"https:\/\/setap.az\/index.php?rest_route=\/wp\/v2\/types\/product"}],"replies":[{"embeddable":true,"href":"https:\/\/setap.az\/index.php?rest_route=%2Fwp%2Fv2%2Fcomments&post=20748"}],"wp:featuredmedia":[{"embeddable":true,"href":"https:\/\/setap.az\/index.php?rest_route=\/wp\/v2\/media\/20749"}],"wp:attachment":[{"href":"https:\/\/setap.az\/index.php?rest_route=%2Fwp%2Fv2%2Fmedia&parent=20748"}],"wp:term":[{"taxonomy":"product_cat","embeddable":true,"href":"https:\/\/setap.az\/index.php?rest_route=%2Fwp%2Fv2%2Fproduct_cat&post=20748"},{"taxonomy":"product_tag","embeddable":true,"href":"https:\/\/setap.az\/index.php?rest_route=%2Fwp%2Fv2%2Fproduct_tag&post=20748"}],"curies":[{"name":"wp","href":"https:\/\/api.w.org\/{rel}","templated":true}]}}