{"id":20805,"date":"2026-04-14T16:13:06","date_gmt":"2026-04-14T12:13:06","guid":{"rendered":"https:\/\/setap.az\/?post_type=product&#038;p=20805"},"modified":"2026-04-14T16:14:51","modified_gmt":"2026-04-14T12:14:51","slug":"gun%c9%99s-panelli-ezviz-hb8-lite-4g-ki","status":"publish","type":"product","link":"https:\/\/setap.az\/?product=gun%c9%99s-panelli-ezviz-hb8-lite-4g-ki","title":{"rendered":"G\u00fcn\u0259\u015f Panelli  Ezviz HB8 Lite 4G Ki IP WiFi kamera"},"content":{"rendered":"<p>EZVIZ HB8 Lite 4G <\/p>\n<p> \u018fsas x\u00fcsusiyy\u0259tl\u0259ri:<\/p>\n<p>\ud83d\udd39 2K+ (t\u0259xmin\u0259n 4MP) g\u00f6r\u00fcnt\u00fc keyfiyy\u0259ti<br \/>\n\ud83d\udd39 4G + WiFi d\u0259st\u0259yi (SIM kartla i\u015fl\u0259yir)<br \/>\n\ud83d\udd39 360\u00b0 f\u0131rlanan kamera (pan &#038; tilt)<br \/>\n\ud83d\udd39 A\u011f\u0131ll\u0131 izl\u0259m\u0259 (auto tracking) \u2013 insan\u0131 izl\u0259yir<br \/>\n\ud83d\udd39 AI insan v\u0259 ma\u015f\u0131n tan\u0131ma<br \/>\n\ud83d\udd39 Gec\u0259 r\u0259ngli g\u00f6r\u00fcnt\u00fc (Color Night Vision)<br \/>\n\ud83d\udd39 Batareya + g\u00fcn\u0259\u015f paneli d\u0259st\u0259yi<br \/>\n\ud83d\udd39 Telefonla canl\u0131 izl\u0259m\u0259 (EZVIZ app)<br \/>\n\ud83d\udd39 MicroSD v\u0259 Cloud yadda\u015f<\/p>\n","protected":false},"excerpt":{"rendered":"<p>EZVIZ HB8 Lite 4G \u018fsas x\u00fcsusiyy\u0259tl\u0259ri: \ud83d\udd39 2K+ (t\u0259xmin\u0259n 4MP) g\u00f6r\u00fcnt\u00fc keyfiyy\u0259ti \ud83d\udd39 4G + WiFi d\u0259st\u0259yi (SIM kartla i\u015fl\u0259yir) \ud83d\udd39 360\u00b0 f\u0131rlanan kamera (pan &#038; tilt) \ud83d\udd39 A\u011f\u0131ll\u0131 izl\u0259m\u0259 (auto tracking) \u2013 insan\u0131 izl\u0259yir \ud83d\udd39 AI insan v\u0259 ma\u015f\u0131n tan\u0131ma \ud83d\udd39 Gec\u0259 r\u0259ngli g\u00f6r\u00fcnt\u00fc (Color Night Vision) \ud83d\udd39 Batareya + g\u00fcn\u0259\u015f paneli d\u0259st\u0259yi \ud83d\udd39&hellip;<\/p>\n","protected":false},"featured_media":20806,"comment_status":"open","ping_status":"closed","template":"","meta":[],"product_cat":[5310,2803,5271,2862],"product_tag":[4042,5540,5535,5539,5534,3044,3470,5538,2928,5537,3049,3300,5533,5541,3783,5525,3277,4819,3745,2929],"class_list":{"0":"post-20805","1":"product","2":"type-product","3":"status-publish","4":"has-post-thumbnail","6":"product_cat-ezviz","7":"product_cat-ip","8":"product_cat-thluksizlik-kamerasi","9":"product_cat-wifi-kameralar","10":"product_tag-4gkamera","11":"product_tag-azerbaycan","12":"product_tag-bagkamera","13":"product_tag-canliizleme","14":"product_tag-evnezareti","15":"product_tag-ezviz","16":"product_tag-ezvizkamera","17":"product_tag-gunespanelikamera","18":"product_tag-guvenlik","19":"product_tag-hb8lite","20":"product_tag-ipkamera","21":"product_tag-kamerasistemi","22":"product_tag-nezaretkamerasi","23":"product_tag-onlinesatis","24":"product_tag-outdoorkamera","25":"product_tag-satis","26":"product_tag-smartcamera","27":"product_tag-sumqayit","28":"product_tag-tehlukesizlik","29":"product_tag-wifikamera","30":"description-off","32":"first","33":"instock","34":"shipping-taxable","35":"purchasable","36":"product-type-simple"},"_links":{"self":[{"href":"https:\/\/setap.az\/index.php?rest_route=\/wp\/v2\/product\/20805","targetHints":{"allow":["GET"]}}],"collection":[{"href":"https:\/\/setap.az\/index.php?rest_route=\/wp\/v2\/product"}],"about":[{"href":"https:\/\/setap.az\/index.php?rest_route=\/wp\/v2\/types\/product"}],"replies":[{"embeddable":true,"href":"https:\/\/setap.az\/index.php?rest_route=%2Fwp%2Fv2%2Fcomments&post=20805"}],"wp:featuredmedia":[{"embeddable":true,"href":"https:\/\/setap.az\/index.php?rest_route=\/wp\/v2\/media\/20806"}],"wp:attachment":[{"href":"https:\/\/setap.az\/index.php?rest_route=%2Fwp%2Fv2%2Fmedia&parent=20805"}],"wp:term":[{"taxonomy":"product_cat","embeddable":true,"href":"https:\/\/setap.az\/index.php?rest_route=%2Fwp%2Fv2%2Fproduct_cat&post=20805"},{"taxonomy":"product_tag","embeddable":true,"href":"https:\/\/setap.az\/index.php?rest_route=%2Fwp%2Fv2%2Fproduct_tag&post=20805"}],"curies":[{"name":"wp","href":"https:\/\/api.w.org\/{rel}","templated":true}]}}