{"id":20828,"date":"2026-05-11T09:39:25","date_gmt":"2026-05-11T05:39:25","guid":{"rendered":"https:\/\/setap.az\/?post_type=product&#038;p=20828"},"modified":"2026-05-11T09:39:29","modified_gmt":"2026-05-11T05:39:29","slug":"hikvision-ds-2ce17d0t-exlf-2-8mm-2mp-analog-bullet-camera","status":"publish","type":"product","link":"https:\/\/setap.az\/?product=hikvision-ds-2ce17d0t-exlf-2-8mm-2mp-analog-bullet-camera","title":{"rendered":"HIKVISION  DS-2CE17D0T-EXLF (2.8mm) 2MP Analog Bullet Camera"},"content":{"rendered":"<p>\ud83d\udd25 HIKVISION DS-2CE17D0T-EXLF (2.8mm) \u2014 2MP Smart Hybrid Light Bullet Kamera!<\/p>\n<p>\u2705 Full HD 1920\u00d71080 g\u00f6r\u00fcnt\u00fc keyfiyy\u0259ti<br \/>\n\u2705 40 metr\u0259 q\u0259d\u0259r IR v\u0259 LED i\u015f\u0131qland\u0131rma<br \/>\n\u2705 Smart Hybrid Light texnologiyas\u0131<br \/>\n\u2705 Gec\u0259 r\u0259ngli g\u00f6r\u00fcnt\u00fc imkan\u0131<br \/>\n\u2705 IP67 suya v\u0259 toza davaml\u0131 korpus<br \/>\n\u2705 TVI\/AHD\/CVI\/CVBS d\u0259st\u0259yi<br \/>\n\u2705 2.8mm geni\u015f bax\u0131\u015f buca\u011f\u0131<br \/>\n\u2705 Ev, obyekt, ma\u011faza v\u0259 ofisl\u0259r \u00fc\u00e7\u00fcn ideal t\u0259hl\u00fck\u0259sizlik<\/p>\n","protected":false},"excerpt":{"rendered":"<p>\ud83d\udd25 HIKVISION DS-2CE17D0T-EXLF (2.8mm) \u2014 2MP Smart Hybrid Light Bullet Kamera! \u2705 Full HD 1920\u00d71080 g\u00f6r\u00fcnt\u00fc keyfiyy\u0259ti \u2705 40 metr\u0259 q\u0259d\u0259r IR v\u0259 LED i\u015f\u0131qland\u0131rma \u2705 Smart Hybrid Light texnologiyas\u0131 \u2705 Gec\u0259 r\u0259ngli g\u00f6r\u00fcnt\u00fc imkan\u0131 \u2705 IP67 suya v\u0259 toza davaml\u0131 korpus \u2705 TVI\/AHD\/CVI\/CVBS d\u0259st\u0259yi \u2705 2.8mm geni\u015f bax\u0131\u015f buca\u011f\u0131 \u2705 Ev, obyekt, ma\u011faza v\u0259&hellip;<\/p>\n","protected":false},"featured_media":20829,"comment_status":"open","ping_status":"closed","template":"","meta":[],"product_cat":[2802,4016,2841],"product_tag":[5369,4761,3472,3132,5293,2928,2941,3801,3379,3377,3766,5546,3300,5547,5533,3764,5548,5549,2939,5325,3745,3349,5292],"class_list":{"0":"post-20828","1":"product","2":"type-product","3":"status-publish","4":"has-post-thumbnail","6":"product_cat-analoq","7":"product_cat-hikvision","8":"product_cat-videonzart","9":"product_tag-2mpcamera","10":"product_tag-bulletcamera","11":"product_tag-camera","12":"product_tag-cctv","13":"product_tag-evtehlukesizliyi","14":"product_tag-guvenlik","15":"product_tag-hikvision","16":"product_tag-hikvisionazerbaijan","17":"product_tag-hikvisioncamera","18":"product_tag-ip67","19":"product_tag-ircamera","20":"product_tag-kameraqurasdirilmasi","21":"product_tag-kamerasistemi","22":"product_tag-ledcamera","23":"product_tag-nezaretkamerasi","24":"product_tag-nightvision","25":"product_tag-obyektkamerasi","26":"product_tag-ofiskamerasi","27":"product_tag-securitycamera","28":"product_tag-setapelektronika","29":"product_tag-tehlukesizlik","30":"product_tag-turbohd","31":"product_tag-videomusahide","32":"description-off","34":"first","35":"instock","36":"shipping-taxable","37":"purchasable","38":"product-type-simple"},"_links":{"self":[{"href":"https:\/\/setap.az\/index.php?rest_route=\/wp\/v2\/product\/20828","targetHints":{"allow":["GET"]}}],"collection":[{"href":"https:\/\/setap.az\/index.php?rest_route=\/wp\/v2\/product"}],"about":[{"href":"https:\/\/setap.az\/index.php?rest_route=\/wp\/v2\/types\/product"}],"replies":[{"embeddable":true,"href":"https:\/\/setap.az\/index.php?rest_route=%2Fwp%2Fv2%2Fcomments&post=20828"}],"wp:featuredmedia":[{"embeddable":true,"href":"https:\/\/setap.az\/index.php?rest_route=\/wp\/v2\/media\/20829"}],"wp:attachment":[{"href":"https:\/\/setap.az\/index.php?rest_route=%2Fwp%2Fv2%2Fmedia&parent=20828"}],"wp:term":[{"taxonomy":"product_cat","embeddable":true,"href":"https:\/\/setap.az\/index.php?rest_route=%2Fwp%2Fv2%2Fproduct_cat&post=20828"},{"taxonomy":"product_tag","embeddable":true,"href":"https:\/\/setap.az\/index.php?rest_route=%2Fwp%2Fv2%2Fproduct_tag&post=20828"}],"curies":[{"name":"wp","href":"https:\/\/api.w.org\/{rel}","templated":true}]}}