{"id":20830,"date":"2026-05-11T16:21:17","date_gmt":"2026-05-11T12:21:17","guid":{"rendered":"https:\/\/setap.az\/?post_type=product&#038;p=20830"},"modified":"2026-05-11T16:21:38","modified_gmt":"2026-05-11T12:21:38","slug":"tp-link-re225be-wi-fi-7-siqnal-gucl%c9%99ndirici-be3600","status":"publish","type":"product","link":"https:\/\/setap.az\/?product=tp-link-re225be-wi-fi-7-siqnal-gucl%c9%99ndirici-be3600","title":{"rendered":"TP-Link RE225BE Wi-Fi 7 Siqnal g\u00fccl\u0259ndirici BE3600"},"content":{"rendered":"<p>TP-Link RE225BE \u2014 Wi-Fi 7 texnologiyas\u0131na malik g\u00fccl\u00fc iki zolaql\u0131 siqnal g\u00fccl\u0259ndiricisidir. Evd\u0259 v\u0259 ya ofisd\u0259 z\u0259if siqnal olan zonalar\u0131 aradan qald\u0131r\u0131r. 3,6 Gbit\/s-\u0259 q\u0259d\u0259r s\u00fcr\u0259t v\u0259 MLO texnologiyas\u0131 say\u0259sind\u0259 y\u00fcks\u0259k performans t\u0259min edir. EasyMesh d\u0259st\u0259yi il\u0259 vahid v\u0259 fasil\u0259siz \u015f\u0259b\u0259k\u0259 yaratmaq m\u00fcmk\u00fcnd\u00fcr. A\u011f\u0131ll\u0131 rouminq istifad\u0259\u00e7ini \u0259n g\u00fccl\u00fc siqnala avtomatik qo\u015fur. <\/p>\n<p>X\u00fcsusiyy\u0259tl\u0259r v\u0259 \u00fcst\u00fcnl\u00fckl\u0259r:<br \/>\nMLO texnologiyas\u0131 il\u0259 stabil v\u0259 s\u00fcr\u0259tli ba\u011flant\u0131: Bir ne\u00e7\u0259 kanal\u0131n eyni anda istifad\u0259si s\u00fcr\u0259ti art\u0131r\u0131r, gecikm\u0259ni azald\u0131r v\u0259 \u015f\u0259b\u0259k\u0259nin \u00fcmumi stabilliyini y\u00fcks\u0259ldir.<br \/>\nGigabit Ethernet portu il\u0259 kabel ba\u011flant\u0131s\u0131: Smart TV, komp\u00fcter v\u0259 ya oyun konsollar\u0131n\u0131 birba\u015fa qo\u015faraq daha stabil v\u0259 s\u00fcr\u0259tli internet \u0259ld\u0259 etm\u0259k m\u00fcmk\u00fcnd\u00fcr.<br \/>\nA\u011f\u0131ll\u0131 rouminq il\u0259 fasil\u0259siz \u0259laq\u0259: Ev daxilind\u0259 h\u0259r\u0259k\u0259t ed\u0259rk\u0259n cihaz avtomatik olaraq \u0259n g\u00fccl\u00fc siqnala qo\u015fulur v\u0259 ba\u011flant\u0131 k\u0259silmir.<br \/>\nEasyMesh d\u0259st\u0259yi il\u0259 vahid \u015f\u0259b\u0259k\u0259: Uy\u011fun router v\u0259 g\u00fccl\u0259ndiricil\u0259rl\u0259 birlikd\u0259 i\u015fl\u0259y\u0259r\u0259k b\u00fct\u00fcn ev \u00fczr\u0259 t\u0259k v\u0259 stabil Wi-Fi \u015f\u0259b\u0259k\u0259si yarad\u0131r.<br \/>\nSad\u0259 v\u0259 s\u00fcr\u0259tli qura\u015fd\u0131rma: WPS d\u00fcym\u0259si v\u0259 ya TP-Link Tether t\u0259tbiqi vasit\u0259sil\u0259 bir ne\u00e7\u0259 d\u0259qiq\u0259y\u0259 qurmaq m\u00fcmk\u00fcnd\u00fcr.<br \/>\nGeni\u015f uy\u011funluq: B\u00fct\u00fcn Wi-Fi standartlar\u0131 v\u0259 provayderl\u0259rl\u0259 i\u015fl\u0259yir, k\u00f6hn\u0259 v\u0259 yeni cihazlarla uy\u011fundur.<br \/>\nTexniki g\u00f6st\u0259ricil\u0259r:<\/p>\n<p>Wi-Fi s\u00fcr\u0259ti:<br \/>\n5 GHz \u2014 2882 Mbit\/s-\u0259 q\u0259d\u0259r<br \/>\n2,4 GHz \u2014 688 Mbit\/s-\u0259 q\u0259d\u0259r<br \/>\nDiapazonlar: 2,4 GHz v\u0259 5 GHz<\/p>\n","protected":false},"excerpt":{"rendered":"<p>TP-Link RE225BE \u2014 Wi-Fi 7 texnologiyas\u0131na malik g\u00fccl\u00fc iki zolaql\u0131 siqnal g\u00fccl\u0259ndiricisidir. Evd\u0259 v\u0259 ya ofisd\u0259 z\u0259if siqnal olan zonalar\u0131 aradan qald\u0131r\u0131r. 3,6 Gbit\/s-\u0259 q\u0259d\u0259r s\u00fcr\u0259t v\u0259 MLO texnologiyas\u0131 say\u0259sind\u0259 y\u00fcks\u0259k performans t\u0259min edir. EasyMesh d\u0259st\u0259yi il\u0259 vahid v\u0259 fasil\u0259siz \u015f\u0259b\u0259k\u0259 yaratmaq m\u00fcmk\u00fcnd\u00fcr. A\u011f\u0131ll\u0131 rouminq istifad\u0259\u00e7ini \u0259n g\u00fccl\u00fc siqnala avtomatik qo\u015fur. X\u00fcsusiyy\u0259tl\u0259r v\u0259 \u00fcst\u00fcnl\u00fckl\u0259r: MLO&hellip;<\/p>\n","protected":false},"featured_media":20831,"comment_status":"open","ping_status":"closed","template":"","meta":[],"product_cat":[15],"product_tag":[5558,5540,5557,5490,3414,5552,4284,5559,4639,4705,3540,5553,4635,5561,3442,5550,4732,5325,4395,5555,4819,2926,5556,3544,2996,5560,4706,5551,5554],"class_list":{"0":"post-20830","1":"product","2":"type-product","3":"status-publish","4":"has-post-thumbnail","6":"product_cat-umumi","7":"product_tag-4kstream","8":"product_tag-azerbaycan","9":"product_tag-baki","10":"product_tag-be3600","11":"product_tag-dualband","12":"product_tag-easymesh","13":"product_tag-evinterneti","14":"product_tag-gamingwifi","15":"product_tag-gigabit","16":"product_tag-highspeedinternet","17":"product_tag-internet","18":"product_tag-internetguclendirici","19":"product_tag-meshwifi","20":"product_tag-ofisinterneti","21":"product_tag-rangeextender","22":"product_tag-re225be","23":"product_tag-router","24":"product_tag-setapelektronika","25":"product_tag-siqnalguclndirici","26":"product_tag-smartwifi","27":"product_tag-sumqayit","28":"product_tag-tplink","29":"product_tag-tplinkazerbaijan","30":"product_tag-wifi","31":"product_tag-wifi7","32":"product_tag-wifi7router","33":"product_tag-wificoverage","34":"product_tag-wifiguclendirici","35":"product_tag-wireless","36":"description-off","38":"first","39":"instock","40":"shipping-taxable","41":"purchasable","42":"product-type-simple"},"_links":{"self":[{"href":"https:\/\/setap.az\/index.php?rest_route=\/wp\/v2\/product\/20830","targetHints":{"allow":["GET"]}}],"collection":[{"href":"https:\/\/setap.az\/index.php?rest_route=\/wp\/v2\/product"}],"about":[{"href":"https:\/\/setap.az\/index.php?rest_route=\/wp\/v2\/types\/product"}],"replies":[{"embeddable":true,"href":"https:\/\/setap.az\/index.php?rest_route=%2Fwp%2Fv2%2Fcomments&post=20830"}],"wp:featuredmedia":[{"embeddable":true,"href":"https:\/\/setap.az\/index.php?rest_route=\/wp\/v2\/media\/20831"}],"wp:attachment":[{"href":"https:\/\/setap.az\/index.php?rest_route=%2Fwp%2Fv2%2Fmedia&parent=20830"}],"wp:term":[{"taxonomy":"product_cat","embeddable":true,"href":"https:\/\/setap.az\/index.php?rest_route=%2Fwp%2Fv2%2Fproduct_cat&post=20830"},{"taxonomy":"product_tag","embeddable":true,"href":"https:\/\/setap.az\/index.php?rest_route=%2Fwp%2Fv2%2Fproduct_tag&post=20830"}],"curies":[{"name":"wp","href":"https:\/\/api.w.org\/{rel}","templated":true}]}}