{"id":2949,"date":"2025-05-09T13:03:02","date_gmt":"2025-05-09T09:03:02","guid":{"rendered":"https:\/\/setap.az\/?post_type=product&#038;p=2949"},"modified":"2025-06-26T13:13:00","modified_gmt":"2025-06-26T09:13:00","slug":"hdct2p-s1","status":"publish","type":"product","link":"https:\/\/setap.az\/?product=hdct2p-s1","title":{"rendered":"HIKVISION 2CE79D3T-\u0130T3ZF"},"content":{"rendered":"<p>Hikvision DS-2CE79D3T-IT3ZF, 2MP \u00e7\u00f6z\u00fcn\u00fcrl\u00fckl\u00fc, ultra a\u015fa\u011f\u0131 i\u015f\u0131q \u015f\u0259raitind\u0259 y\u00fcks\u0259k performans g\u00f6st\u0259r\u0259n, EXIR 2.0 infraq\u0131rm\u0131z\u0131 texnologiyas\u0131na malik v\u0259 motorlu varifokal lensl\u0259 t\u0259chiz olunmu\u015f bir turret tipli t\u0259hl\u00fck\u0259sizlik kameras\u0131d\u0131r. Bu model, h\u0259m daxili, h\u0259m d\u0259 xarici m\u00fchitl\u0259rd\u0259 istifad\u0259 \u00fc\u00e7\u00fcn uy\u011fundur v\u0259 y\u00fcks\u0259k keyfiyy\u0259tli g\u00f6r\u00fcnt\u00fc t\u0259min edir.<br \/>\n\u018fsas X\u00fcsusiyy\u0259tl\u0259r:<br \/>\n\u00c7\u00f6z\u00fcn\u00fcrl\u00fck: 1920 \u00d7 1080 (2MP)<br \/>\nSensor: 2MP Progressive Scan CMOS<br \/>\nMinimum \u0130\u015f\u0131qland\u0131rma: 0.005 Lux @ (F1.6, AGC ON); IR il\u0259 0 Lux<br \/>\nLens: 2.7 mm\u201313.5 mm motorlu varifokal lens<br \/>\nG\u00f6r\u00fc\u015f Buca\u011f\u0131: 102\u00b0\u201331\u00b0<br \/>\nGec\u0259 G\u00f6r\u00fcnt\u00fcs\u00fc: EXIR 2.0 texnologiyas\u0131 il\u0259 70 metr\u0259 q\u0259d\u0259r<br \/>\nGeni\u015f Dinamik Aral\u0131q (WDR): \u2265120 dB<br \/>\nVideo \u00c7\u0131x\u0131\u015f\u0131: HD-TVI\/AHD\/CVI\/CVBS (4-in-1)<br \/>\nKorpus: Metal, IP67 su v\u0259 toz ke\u00e7irm\u0259zlik d\u0259r\u0259c\u0259si<br \/>\n\u018fm\u0259liyyat Temperaturu: -40\u00b0C-d\u0259n +60\u00b0C-y\u0259 q\u0259d\u0259r<br \/>\nG\u00fcc T\u0259chizat\u0131: 12V DC \u00b125%<br \/>\nEnerji \u0130stehlak\u0131: Maksimum 7.7 W<br \/>\n\u00d6l\u00e7\u00fcl\u0259r: 123.87 mm \u00d7 110.24 mm \u00d7 134.3 mm<\/p>\n<p>Bu kamera, z\u0259if i\u015f\u0131q \u015f\u0259raitind\u0259 bel\u0259 ayd\u0131n v\u0259 detall\u0131 g\u00f6r\u00fcnt\u00fcl\u0259r t\u0259qdim edir. Motorlu varifokal lensi say\u0259sind\u0259 m\u00fcxt\u0259lif m\u00fc\u015fahid\u0259 sah\u0259l\u0259rin\u0259 uy\u011funla\u015fd\u0131r\u0131la bil\u0259r. EXIR 2.0 texnologiyas\u0131, gec\u0259 g\u00f6r\u00fcnt\u00fcl\u0259rind\u0259 daha b\u0259rab\u0259r v\u0259 g\u00fccl\u00fc infraq\u0131rm\u0131z\u0131 i\u015f\u0131qland\u0131rma t\u0259min edir. IP67 d\u0259r\u0259c\u0259si il\u0259 suya v\u0259 toza qar\u015f\u0131 y\u00fcks\u0259k m\u00fcqavim\u0259t g\u00f6st\u0259rir, bu da onu \u00e7\u0259tin hava \u015f\u0259raitind\u0259 istifad\u0259 \u00fc\u00e7\u00fcn ideal edir.<\/p>\n","protected":false},"excerpt":{"rendered":"<p>*2MP<br \/>\n*1920 x 1080 t\u0259svir \u00f6l\u00e7\u00fcs\u00fc<br \/>\n*2,7 mm-d\u0259n 13,5 mm-\u0259 q\u0259d\u0259r motorlu d\u0259yi\u015fk\u0259n fokuslu lens<br \/>\n*Avtomatik fokus<br \/>\n*70 m-\u0259 q\u0259d\u0259r IR m\u0259saf\u0259si<\/p>\n","protected":false},"featured_media":2950,"comment_status":"open","ping_status":"closed","template":"","meta":[],"product_cat":[4016,2849,2841],"product_tag":[3371,3351,3132,3401,3402,3373,3344,3345,3369,3131,2941,3377,3395,3347],"class_list":{"0":"post-2949","1":"product","2":"type-product","3":"status-publish","4":"has-post-thumbnail","6":"product_cat-hikvision","7":"product_cat-videokameralar","8":"product_cat-videonzart","9":"product_tag-2mpkamera","10":"product_tag-akilliguvenlik","11":"product_tag-cctv","12":"product_tag-ds2ce79d3tit3zf","13":"product_tag-evguvenliyi","14":"product_tag-exir2","15":"product_tag-guvenlikkamerasi","16":"product_tag-guvenliksistemi","17":"product_tag-guvenliktexnologiyasi","18":"product_tag-hdtvi","19":"product_tag-hikvision","20":"product_tag-ip67","21":"product_tag-turretkamera","22":"product_tag-videogozetimi","23":"description-off","25":"first","26":"instock","27":"shipping-taxable","28":"purchasable","29":"product-type-simple"},"_links":{"self":[{"href":"https:\/\/setap.az\/index.php?rest_route=\/wp\/v2\/product\/2949","targetHints":{"allow":["GET"]}}],"collection":[{"href":"https:\/\/setap.az\/index.php?rest_route=\/wp\/v2\/product"}],"about":[{"href":"https:\/\/setap.az\/index.php?rest_route=\/wp\/v2\/types\/product"}],"replies":[{"embeddable":true,"href":"https:\/\/setap.az\/index.php?rest_route=%2Fwp%2Fv2%2Fcomments&post=2949"}],"wp:featuredmedia":[{"embeddable":true,"href":"https:\/\/setap.az\/index.php?rest_route=\/wp\/v2\/media\/2950"}],"wp:attachment":[{"href":"https:\/\/setap.az\/index.php?rest_route=%2Fwp%2Fv2%2Fmedia&parent=2949"}],"wp:term":[{"taxonomy":"product_cat","embeddable":true,"href":"https:\/\/setap.az\/index.php?rest_route=%2Fwp%2Fv2%2Fproduct_cat&post=2949"},{"taxonomy":"product_tag","embeddable":true,"href":"https:\/\/setap.az\/index.php?rest_route=%2Fwp%2Fv2%2Fproduct_tag&post=2949"}],"curies":[{"name":"wp","href":"https:\/\/api.w.org\/{rel}","templated":true}]}}