{"id":2951,"date":"2025-05-09T13:05:14","date_gmt":"2025-05-09T09:05:14","guid":{"rendered":"https:\/\/setap.az\/?post_type=product&#038;p=2951"},"modified":"2026-01-06T17:19:51","modified_gmt":"2026-01-06T13:19:51","slug":"2ce72dft-pirxof","status":"publish","type":"product","link":"https:\/\/setap.az\/?product=2ce72dft-pirxof","title":{"rendered":"HIKVISION 2CE72DFT-PIRXOF2MP Analoq kamera"},"content":{"rendered":"<p>Hikvision DS-2CE72DFT-PIRXOF, 2MP \u00e7\u00f6z\u00fcn\u00fcrl\u00fckl\u00fc, ColorVu texnologiyas\u0131na malik, PIR sirenli v\u0259 tam r\u0259ngli g\u00f6r\u00fcnt\u00fc t\u0259min ed\u0259n bir turret tipli t\u0259hl\u00fck\u0259sizlik kameras\u0131d\u0131r.<br \/>\nBu model, z\u0259if i\u015f\u0131q \u015f\u0259raitind\u0259 bel\u0259 y\u00fcks\u0259k keyfiyy\u0259tli r\u0259ngli g\u00f6r\u00fcnt\u00fcl\u0259r t\u0259qdim edir v\u0259 \u0259lav\u0259 t\u0259hl\u00fck\u0259sizlik funksiyalar\u0131 il\u0259 t\u0259chiz olunmu\u015fdur.<br \/>\n\u018fsas X\u00fcsusiyy\u0259tl\u0259r:<br \/>\n\u00c7\u00f6z\u00fcn\u00fcrl\u00fck: 1920 \u00d7 1080 (2MP)<br \/>\nSensor: 2 MP CMOS<br \/>\nLens: 3.6 mm v\u0259 ya 6 mm sabit fokuslu lensl\u0259r<br \/>\nG\u00f6r\u00fc\u015f Buca\u011f\u0131: 3.6 mm lens \u00fc\u00e7\u00fcn 83.0\u00b0 horizontal, 44.4\u00b0 vertikal, 98.0\u00b0 diaqonal<br \/>\nMinimum \u0130\u015f\u0131qland\u0131rma: 0.0005 Lux @ (F1.0, AGC ON), a\u011f i\u015f\u0131qla 0 Lux<br \/>\nA\u011f \u0130\u015f\u0131q M\u0259saf\u0259si: 20 metr\u0259 q\u0259d\u0259r<br \/>\nGec\u0259 G\u00f6r\u00fcnt\u00fcs\u00fc: 24\/7 tam r\u0259ngli g\u00f6r\u00fcnt\u00fc<br \/>\nPIR Sensor: H\u0259r\u0259k\u0259t a\u015fkarlama \u00fc\u00e7\u00fcn passiv infraq\u0131rm\u0131z\u0131 sensor<br \/>\nSiren v\u0259 \u0130\u015f\u0131qland\u0131rma: Daxili siren v\u0259 q\u0131rm\u0131z\u0131-mavi stroboskop i\u015f\u0131q il\u0259 x\u0259b\u0259rdarl\u0131q sistemi<br \/>\nVideo \u00c7\u0131x\u0131\u015f\u0131: 4-in-1 (TVI\/AHD\/CVI\/CVBS)<br \/>\nGeni\u015f Dinamik Aral\u0131q (WDR): \u2265130 dB<br \/>\nSu v\u0259 Toz Ke\u00e7irm\u0259zlik: IP67 standart\u0131<br \/>\n\u018fm\u0259liyyat Temperaturu: -40\u00b0C-d\u0259n +60\u00b0C-y\u0259 q\u0259d\u0259r<br \/>\nG\u00fcc T\u0259chizat\u0131: 12 VDC \u00b125%<\/p>\n","protected":false},"excerpt":{"rendered":"<p>*2 MP, 1920 \u00d7 1080<br \/>\n*R\u0259ngli \u015f\u0259kil 24\/7<br \/>\n*Sabit obyektiv 3,6 mm, 6 mm<br \/>\n*20 m-\u0259 q\u0259d\u0259r LED i\u015f\u0131qland\u0131rma<\/p>\n","protected":false},"featured_media":2952,"comment_status":"open","ping_status":"closed","template":"","meta":[],"product_cat":[4016,2849,2841],"product_tag":[3371,3351,3132,3398,3397,3346,3344,3345,3369,2941,3377,3391,3399,3400,3347],"class_list":{"0":"post-2951","1":"product","2":"type-product","3":"status-publish","4":"has-post-thumbnail","6":"product_cat-hikvision","7":"product_cat-videokameralar","8":"product_cat-videonzart","9":"product_tag-2mpkamera","10":"product_tag-akilliguvenlik","11":"product_tag-cctv","12":"product_tag-colorvu","13":"product_tag-ds2ce72dftpirxof","14":"product_tag-evguvenligi","15":"product_tag-guvenlikkamerasi","16":"product_tag-guvenliksistemi","17":"product_tag-guvenliktexnologiyasi","18":"product_tag-hikvision","19":"product_tag-ip67","20":"product_tag-pirsensor","21":"product_tag-siren","22":"product_tag-strobelight","23":"product_tag-videogozetimi","24":"description-off","26":"first","27":"instock","28":"shipping-taxable","29":"purchasable","30":"product-type-simple"},"_links":{"self":[{"href":"https:\/\/setap.az\/index.php?rest_route=\/wp\/v2\/product\/2951","targetHints":{"allow":["GET"]}}],"collection":[{"href":"https:\/\/setap.az\/index.php?rest_route=\/wp\/v2\/product"}],"about":[{"href":"https:\/\/setap.az\/index.php?rest_route=\/wp\/v2\/types\/product"}],"replies":[{"embeddable":true,"href":"https:\/\/setap.az\/index.php?rest_route=%2Fwp%2Fv2%2Fcomments&post=2951"}],"wp:featuredmedia":[{"embeddable":true,"href":"https:\/\/setap.az\/index.php?rest_route=\/wp\/v2\/media\/2952"}],"wp:attachment":[{"href":"https:\/\/setap.az\/index.php?rest_route=%2Fwp%2Fv2%2Fmedia&parent=2951"}],"wp:term":[{"taxonomy":"product_cat","embeddable":true,"href":"https:\/\/setap.az\/index.php?rest_route=%2Fwp%2Fv2%2Fproduct_cat&post=2951"},{"taxonomy":"product_tag","embeddable":true,"href":"https:\/\/setap.az\/index.php?rest_route=%2Fwp%2Fv2%2Fproduct_tag&post=2951"}],"curies":[{"name":"wp","href":"https:\/\/api.w.org\/{rel}","templated":true}]}}