{"id":2980,"date":"2025-05-09T12:19:27","date_gmt":"2025-05-09T08:19:27","guid":{"rendered":"https:\/\/setap.az\/?post_type=product&#038;p=2980"},"modified":"2025-10-21T15:52:05","modified_gmt":"2025-10-21T11:52:05","slug":"hikvision-2ce16h0t-itf","status":"publish","type":"product","link":"https:\/\/setap.az\/?product=hikvision-2ce16h0t-itf","title":{"rendered":"HIKVISION 2CE16H0T-ITF"},"content":{"rendered":"<p>HIKVISION 2CE16H0T-ITF<br \/>\n\u018fsas X\u00fcsusiyy\u0259tl\u0259r:<br \/>\n\u00c7\u00f6z\u00fcn\u00fcrl\u00fck: 2560 \u00d7 1944 piksel (5 MP)<br \/>\nG\u00f6r\u00fcnt\u00fc Sensoru: 5 MP CMOS<br \/>\nG\u00f6r\u00fc\u015f Buca\u011f\u0131: 2.8 mm lens \u00fc\u00e7\u00fcn 85.5\u00b0, 3.6 mm lens \u00fc\u00e7\u00fcn 80.1\u00b0, 6 mm lens \u00fc\u00e7\u00fcn 57.1\u00b0<br \/>\n\u0130nfraq\u0131rm\u0131z\u0131 (IR) M\u0259saf\u0259si: EXIR 2.0 texnologiyas\u0131 il\u0259 20 metr\u0259 q\u0259d\u0259r<br \/>\nKorpus Material\u0131: Metal<br \/>\nSu v\u0259 Toz Ke\u00e7irm\u0259zlik: IP67 standart\u0131<\/p>\n","protected":false},"excerpt":{"rendered":"<p>*5 MP y\u00fcks\u0259k performansl\u0131 COMS<br \/>\n*2560 x 1944 q\u0259tnam\u0259<br \/>\n*2,8 mm, 3,6 mm, 6 mm sabit lens<br \/>\n*EXIR 2.0, smart IR, 20 m-\u0259 q\u0259d\u0259r IR m\u0259saf\u0259si<br \/>\n*OSD menyusu, 2D DNR, DWDR<br \/>\n*4-\u00fc 1-d\u0259 video \u00e7\u0131x\u0131\u015f\u0131 (d\u0259yi\u015fdiril\u0259 bil\u0259n TVI\/AHD\/CVI\/CVBS)<br \/>\n*IP67, yuxar\u0131 koaksiyel (HIKVISION-C)<\/p>\n","protected":false},"featured_media":2981,"comment_status":"open","ping_status":"closed","template":"","meta":[],"product_cat":[4016,2849,2841,15],"product_tag":[3382,3132,2941,3379,3380,3385,3381,3383,2937,3260,2939,2934,3378,3135,3142,3071,3384],"class_list":{"0":"post-2980","1":"product","2":"type-product","3":"status-publish","4":"has-post-thumbnail","6":"product_cat-hikvision","7":"product_cat-videokameralar","8":"product_cat-videonzart","9":"product_cat-umumi","10":"product_tag-camerainstallation","11":"product_tag-cctv","12":"product_tag-hikvision","13":"product_tag-hikvisioncamera","14":"product_tag-hikvisionsecurity","15":"product_tag-hikvisionsolutions","16":"product_tag-hikvisionsystem","17":"product_tag-hikvisiontechnology","18":"product_tag-homesecurity","19":"product_tag-ipcamera","20":"product_tag-securitycamera","21":"product_tag-smartsecurity","22":"product_tag-sumqayithikvision","23":"product_tag-surveillance","24":"product_tag-thluksizlik","25":"product_tag-thluksizlikkameralari","26":"product_tag-videosurveillance","27":"description-off","29":"first","30":"instock","31":"shipping-taxable","32":"purchasable","33":"product-type-simple"},"_links":{"self":[{"href":"https:\/\/setap.az\/index.php?rest_route=\/wp\/v2\/product\/2980","targetHints":{"allow":["GET"]}}],"collection":[{"href":"https:\/\/setap.az\/index.php?rest_route=\/wp\/v2\/product"}],"about":[{"href":"https:\/\/setap.az\/index.php?rest_route=\/wp\/v2\/types\/product"}],"replies":[{"embeddable":true,"href":"https:\/\/setap.az\/index.php?rest_route=%2Fwp%2Fv2%2Fcomments&post=2980"}],"wp:featuredmedia":[{"embeddable":true,"href":"https:\/\/setap.az\/index.php?rest_route=\/wp\/v2\/media\/2981"}],"wp:attachment":[{"href":"https:\/\/setap.az\/index.php?rest_route=%2Fwp%2Fv2%2Fmedia&parent=2980"}],"wp:term":[{"taxonomy":"product_cat","embeddable":true,"href":"https:\/\/setap.az\/index.php?rest_route=%2Fwp%2Fv2%2Fproduct_cat&post=2980"},{"taxonomy":"product_tag","embeddable":true,"href":"https:\/\/setap.az\/index.php?rest_route=%2Fwp%2Fv2%2Fproduct_tag&post=2980"}],"curies":[{"name":"wp","href":"https:\/\/api.w.org\/{rel}","templated":true}]}}