{"id":2982,"date":"2025-05-09T12:23:35","date_gmt":"2025-05-09T08:23:35","guid":{"rendered":"https:\/\/setap.az\/?post_type=product&#038;p=2982"},"modified":"2026-01-08T13:28:54","modified_gmt":"2026-01-08T09:28:54","slug":"hikvision-2ce10df3t","status":"publish","type":"product","link":"https:\/\/setap.az\/?product=hikvision-2ce10df3t","title":{"rendered":"HIKVISION 2CE10DF3T 2 MP Analoq kamera"},"content":{"rendered":"<p>Hikvision DS\u20112CE10DF3T modeli 2\u202fMP q\u0259tnam\u0259li Turbo\u202fHD (HD\u2011TVI) analog kamerad\u0131r. Y<br \/>\n2\u202fMP (1920\u202f\u00d7\u202f1080) Full HD video.<br \/>\nCMOS sensor il\u0259 ayd\u0131n v\u0259 detall\u0131 g\u00f6r\u00fcnt\u00fc.<br \/>\nSabit obyektiv v\u0259 ya m\u00fcxt\u0259lif sabit lens variantlar\u0131 \u2014 ad\u0259t\u0259n 2.8\u202fmm, 3.6\u202fmm v\u0259 6\u202fmm.<br \/>\nLens\u0259 g\u00f6r\u0259 bax\u0131\u015f buca\u011f\u0131 d\u0259yi\u015fir (m\u0259s\u0259l\u0259n, 2.8\u202fmm \u00fc\u00e7\u00fcn geni\u015f sah\u0259).<br \/>\nIR illuminasiyas\u0131 il\u0259 gec\u0259 d\u0259r\u0259c\u0259si.<br \/>\nSmart IR funksiyas\u0131 \u2014 obyekt yax\u0131nla\u015fanda infraq\u0131rm\u0131z\u0131 g\u00fcc\u00fc t\u0259nziml\u0259yir.<br \/>\nGec\u0259 g\u00f6r\u00fcnt\u00fc m\u0259saf\u0259si t\u0259xmin\u0259n 20\u202fm.<br \/>\nTurbo\u202fHD \/ HD\u2011TVI format\u0131 \u0259sasd\u0131r \u2014 DVR\u2011\u0259 koaksial kabel il\u0259 qo\u015fulur.<br \/>\nB\u0259zi hallarda TVI \/ AHD \/ CVI \/ CVBS kimi formata ke\u00e7id d\u0259st\u0259yi ola bil\u0259r (4\u2011in\u20111).<br \/>\nTrue WDR \/ DWDR \u2014 y\u00fcks\u0259k kontrastl\u0131 sah\u0259l\u0259rd\u0259 balansl\u0131 g\u00f6r\u00fcnt\u00fc.<br \/>\n3D DNR \u2014 s\u0259s\u2011k\u00fcy azaltma.<br \/>\nBLC \/ HLC \u2014 arxa i\u015f\u0131q v\u0259 yand\u0131r\u0131lm\u0131\u015f reflektorlar \u00fc\u00e7\u00fcn t\u0259nziml\u0259m\u0259l\u0259r.<br \/>\nIP67 s\u0259viyy\u0259li su v\u0259 tozdan qorunma \u2014 \u00e7\u00f6l m\u00fchiti \u00fc\u00e7\u00fcn uy\u011fundur.<br \/>\n\u2022 Metal korpus \u2014 davaml\u0131 struktur.<br \/>\n\u2022 \u0130\u015fl\u0259m\u0259 temperaturu: \u201140\u202f\u00b0C \u2026 +60\u202f\u00b0C.<br \/>\n\u2022 12\u202fVDC enerji il\u0259 i\u015fl\u0259yir.<\/p>\n","protected":false},"excerpt":{"rendered":"<p>*Daxili v\u0259 a\u00e7\u0131q havada<br \/>\n*Sabit fokus lensi 3,6 mm<br \/>\n*2MP g\u00f6r\u00fcnt\u00fc<br \/>\n*TVI\/AHD\/CVI\/CVBS<br \/>\n*Lens Tipi<br \/>\n*2,8 mm, 3,6 mm, 6 mm sabit fokus lensi<br \/>\n*Fokus Uzunlu\u011fu v\u0259 FOV<br \/>\n*2,8 mm, \u00fcf\u00fcqi FOV: 98\u00b0, \u015faquli FOV: 52\u00b0, diaqonal FOV: 116\u00b0<\/p>\n","protected":false},"featured_media":2983,"comment_status":"open","ping_status":"closed","template":"","meta":[],"product_cat":[4016,2849,2841,15],"product_tag":[3382,3132,2941,3379,2942,3380,3385,3381,3383,2937,3260,2939,2934,3378,3135,3142,3071,3384],"class_list":{"0":"post-2982","1":"product","2":"type-product","3":"status-publish","4":"has-post-thumbnail","6":"product_cat-hikvision","7":"product_cat-videokameralar","8":"product_cat-videonzart","9":"product_cat-umumi","10":"product_tag-camerainstallation","11":"product_tag-cctv","12":"product_tag-hikvision","13":"product_tag-hikvisioncamera","14":"product_tag-hikvisioncctv","15":"product_tag-hikvisionsecurity","16":"product_tag-hikvisionsolutions","17":"product_tag-hikvisionsystem","18":"product_tag-hikvisiontechnology","19":"product_tag-homesecurity","20":"product_tag-ipcamera","21":"product_tag-securitycamera","22":"product_tag-smartsecurity","23":"product_tag-sumqayithikvision","24":"product_tag-surveillance","25":"product_tag-thluksizlik","26":"product_tag-thluksizlikkameralari","27":"product_tag-videosurveillance","28":"description-off","30":"first","31":"instock","32":"shipping-taxable","33":"purchasable","34":"product-type-simple"},"_links":{"self":[{"href":"https:\/\/setap.az\/index.php?rest_route=\/wp\/v2\/product\/2982","targetHints":{"allow":["GET"]}}],"collection":[{"href":"https:\/\/setap.az\/index.php?rest_route=\/wp\/v2\/product"}],"about":[{"href":"https:\/\/setap.az\/index.php?rest_route=\/wp\/v2\/types\/product"}],"replies":[{"embeddable":true,"href":"https:\/\/setap.az\/index.php?rest_route=%2Fwp%2Fv2%2Fcomments&post=2982"}],"wp:featuredmedia":[{"embeddable":true,"href":"https:\/\/setap.az\/index.php?rest_route=\/wp\/v2\/media\/2983"}],"wp:attachment":[{"href":"https:\/\/setap.az\/index.php?rest_route=%2Fwp%2Fv2%2Fmedia&parent=2982"}],"wp:term":[{"taxonomy":"product_cat","embeddable":true,"href":"https:\/\/setap.az\/index.php?rest_route=%2Fwp%2Fv2%2Fproduct_cat&post=2982"},{"taxonomy":"product_tag","embeddable":true,"href":"https:\/\/setap.az\/index.php?rest_route=%2Fwp%2Fv2%2Fproduct_tag&post=2982"}],"curies":[{"name":"wp","href":"https:\/\/api.w.org\/{rel}","templated":true}]}}