{"id":2984,"date":"2025-05-08T12:25:58","date_gmt":"2025-05-08T08:25:58","guid":{"rendered":"https:\/\/setap.az\/?post_type=product&#038;p=2984"},"modified":"2026-01-08T12:32:05","modified_gmt":"2026-01-08T08:32:05","slug":"hikvision-2ce17d0t-it5","status":"publish","type":"product","link":"https:\/\/setap.az\/?product=hikvision-2ce17d0t-it5","title":{"rendered":"HIKVISION 2CE17D0T-IT5"},"content":{"rendered":"<p>Hikvision DS-2CE17D0T-IT5 \u2014 bu, 2 MP sabit lensli bullet tipli Turbo HD (analogue) t\u0259hl\u00fck\u0259sizlik kameras\u0131d\u0131r.<br \/>\n2 MP (1920\u00d71080) Full HD q\u0259tnam\u0259.<br \/>\n1\/2.7\u2033 CMOS sensor.<br \/>\nDay\/Night (ICR) \u2014 avtomatik g\u00fcnd\u00fcz\/gec\u0259 rejimi.<br \/>\nSabit lens \u2014 m\u00f6vcud variantlar: 3.6 mm, 6 mm, 8 mm v\u0259 12 mm.<br \/>\nLens\u0259 g\u00f6r\u0259 bax\u0131\u015f buca\u011f\u0131 d\u0259yi\u015fir (m\u0259s\u0259l\u0259n 3.6 mm \u00fc\u00e7\u00fcn ~79.6\u00b0 horizontal).<br \/>\nIR illuminasiyas\u0131 il\u0259 gec\u0259 g\u00f6r\u00fcnt\u00fcs\u00fc \u2014 t\u0259xmin\u0259n 80 m-\u0259 q\u0259d\u0259r.<br \/>\nSmart IR v\u0259 Digital WDR g\u00f6r\u00fcnt\u00fc t\u0259kmill\u0259\u015fdirm\u0259l\u0259ri d\u0259st\u0259kl\u0259nir.<br \/>\nAnalog Turbo HD \/ HDTVI format\u0131 \u2014 DVR-l\u0259 birg\u0259 i\u015fl\u0259yir (IP deyil).<br \/>\nIP67 \u2014 su v\u0259 toza qar\u015f\u0131 davaml\u0131 korpus (\u00e7\u00f6l \u015f\u0259raitind\u0259 uy\u011fundur).<br \/>\n\u018ftraf m\u00fchit \u00fc\u00e7\u00fcn uy\u011fun temperaturlar: \u221240 \u00b0C \u2026 +60 \u00b0C.<br \/>\nKorpus: \u00f6n hiss\u0259 metal, \u0259sas g\u00f6vd\u0259 plastik.<br \/>\n12 VDC enerji t\u0259chizat\u0131 il\u0259 i\u015fl\u0259yir.<br \/>\nVideo \u00e7\u0131x\u0131\u015f HD analog TVI vasit\u0259sil\u0259 olur. <\/p>\n","protected":false},"excerpt":{"rendered":"<p>*2.0 Meqapiksel (1920 \u00d7 1080 piksel).<br \/>\n*3.6mm, 6mm, 8mm, 12mm.<br \/>\n*\u0130nfraq\u0131rm\u0131z\u0131 bax\u0131\u015f diapazonu: 80 metr.<br \/>\n*Gec\u0259 v\u0259 g\u00fcnd\u00fcz m\u00fc\u015fahid\u0259 funksiyas\u0131n\u0131 (ICR) d\u0259st\u0259kl\u0259yir.<br \/>\n*R\u0259q\u0259msal WDR (Geni\u015f dinamik diapazon) arxa i\u015f\u0131\u011f\u0131n \u0259leyhin\u0259 funksiyas\u0131.<\/p>\n","protected":false},"featured_media":2985,"comment_status":"open","ping_status":"closed","template":"","meta":[],"product_cat":[4016,2849,2841,15],"product_tag":[3371,3351,3132,3375,3346,3344,3345,3353,3295,2941,3377,3376,3355,3349,3347],"class_list":{"0":"post-2984","1":"product","2":"type-product","3":"status-publish","4":"has-post-thumbnail","6":"product_cat-hikvision","7":"product_cat-videokameralar","8":"product_cat-videonzart","9":"product_cat-umumi","10":"product_tag-2mpkamera","11":"product_tag-akilliguvenlik","12":"product_tag-cctv","13":"product_tag-ds2ce17d0tit5f","14":"product_tag-evguvenligi","15":"product_tag-guvenlikkamerasi","16":"product_tag-guvenliksistemi","17":"product_tag-guvenlikteknolojisi","18":"product_tag-hdkamera","19":"product_tag-hikvision","20":"product_tag-ip67","21":"product_tag-ir80m","22":"product_tag-kayitcihazi","23":"product_tag-turbohd","24":"product_tag-videogozetimi","25":"description-off","27":"first","28":"instock","29":"shipping-taxable","30":"purchasable","31":"product-type-simple"},"_links":{"self":[{"href":"https:\/\/setap.az\/index.php?rest_route=\/wp\/v2\/product\/2984","targetHints":{"allow":["GET"]}}],"collection":[{"href":"https:\/\/setap.az\/index.php?rest_route=\/wp\/v2\/product"}],"about":[{"href":"https:\/\/setap.az\/index.php?rest_route=\/wp\/v2\/types\/product"}],"replies":[{"embeddable":true,"href":"https:\/\/setap.az\/index.php?rest_route=%2Fwp%2Fv2%2Fcomments&post=2984"}],"wp:featuredmedia":[{"embeddable":true,"href":"https:\/\/setap.az\/index.php?rest_route=\/wp\/v2\/media\/2985"}],"wp:attachment":[{"href":"https:\/\/setap.az\/index.php?rest_route=%2Fwp%2Fv2%2Fmedia&parent=2984"}],"wp:term":[{"taxonomy":"product_cat","embeddable":true,"href":"https:\/\/setap.az\/index.php?rest_route=%2Fwp%2Fv2%2Fproduct_cat&post=2984"},{"taxonomy":"product_tag","embeddable":true,"href":"https:\/\/setap.az\/index.php?rest_route=%2Fwp%2Fv2%2Fproduct_tag&post=2984"}],"curies":[{"name":"wp","href":"https:\/\/api.w.org\/{rel}","templated":true}]}}