{"id":2986,"date":"2025-05-08T12:27:58","date_gmt":"2025-05-08T08:27:58","guid":{"rendered":"https:\/\/setap.az\/?post_type=product&#038;p=2986"},"modified":"2026-01-08T12:29:09","modified_gmt":"2026-01-08T08:29:09","slug":"hikvision-2ce19d3t-it3zf","status":"publish","type":"product","link":"https:\/\/setap.az\/?product=hikvision-2ce19d3t-it3zf","title":{"rendered":"HIKVISION 2CE19D3T-IT3ZF 2 MP Analoq kamera"},"content":{"rendered":"<p>Hikvision DS-2CE19D3T-IT3ZF \u2014 bu, 2 MP Ultra Low Light Motorized Varifocal bullet tipli Turbo HD (analogue) t\u0259hl\u00fck\u0259sizlik kameras\u0131d\u0131r.<br \/>\n2 MP (1920\u00d71080) Full HD g\u00f6r\u00fcnt\u00fc.<br \/>\n\u0130\u015f\u0131q h\u0259ssasl\u0131\u011f\u0131: ultra a\u015fa\u011f\u0131 i\u015f\u0131q \u2014 ~0.005 Lux (IR olmadan).<br \/>\nMotorlu varifokal lens: 2.7 \u2013 13.5 mm \u2014 B\u00f6y\u00fctm\u0259 v\u0259 fokus m\u0259saf\u0259sini DVR\/OSD il\u0259 idar\u0259 etm\u0259k olur.<br \/>\nBax\u0131\u015f buca\u011f\u0131: t\u0259xmin\u0259n 102\u00b0 \u2013 31\u00b0 (en\/boy).<br \/>\nEXIR 2.0 IR infraq\u0131rm\u0131z\u0131 i\u015f\u0131q \u2014 t\u0259xmin\u0259n 70 m gec\u0259 g\u00f6r\u00fcnt\u00fc m\u0259saf\u0259si.<br \/>\nIR Cut filter (g\u00fcnd\u00fcz\/gec\u0259) \u2014 avtomatik ke\u00e7id.<br \/>\nTrue WDR \u2265120 dB \u2014 arxa i\u015f\u0131qda ayd\u0131n g\u00f6r\u00fcnt\u00fc.<br \/>\n3D DNR \u2014 s\u0259s-k\u00fcy azald\u0131lmas\u0131.<br \/>\n4-in-1 ke\u00e7idli \u00e7\u0131x\u0131\u015f: TVI \/ AHD \/ CVI \/ CVBS \u2014 bir \u00e7ox DVR n\u00f6v\u00fcn\u0259 uy\u011fundur.<br \/>\nIP67 \u2013 suya v\u0259 toza davaml\u0131 (\u00e7\u00f6l m\u00fchiti \u00fc\u00e7\u00fcn uy\u011fundur).<br \/>\n\u0130\u015fl\u0259m\u0259 temperaturu: -40 \u00b0C \u2026 +60 \u00b0C.<br \/>\nKorpus: Metal v\u0259 plastik (davaml\u0131).<br \/>\n12 VDC enerji.<br \/>\nVideo siqnal\u0131 koaksial kabel \u00fcz\u0259rind\u0259n \u00f6t\u00fcr\u00fcl\u00fcr (HD-TVI analoq). <\/p>\n","protected":false},"excerpt":{"rendered":"<p>*2 MP CMOS<br \/>\n*Y\u00fcks\u0259k h\u0259ssasl\u0131q<br \/>\n*Rezolyusiya 1920 \u00d7 1080<br \/>\n*2,7-d\u0259n 13,5 mm-\u0259 q\u0259d\u0259r d\u0259yi\u015f\u0259n FR il\u0259 motorlu lens, EXIR 2.0 avtofokus<br \/>\na\u011f\u0131ll\u0131 IR i\u015f\u0131qland\u0131rma, 70 m-\u0259 q\u0259d\u0259r IR i\u015f\u0131qland\u0131rma diapazonu<br \/>\n*OSD menyusu, 3D DNR, dB, 120 g\u00fcn d\u0259yi\u015fdiril\u0259 bil\u0259r. gec\u0259&#8221;<br \/>\n*Video \u00e7\u0131x\u0131\u015f\u0131 4-\u00fc 1-d\u0259 (d\u0259yi\u015fdiril\u0259 bil\u0259n TVI\/AHD\/CVI\/CVBS)<br \/>\n*IP67<\/p>\n","protected":false},"featured_media":2987,"comment_status":"open","ping_status":"closed","template":"","meta":[],"product_cat":[4016,2849,2841],"product_tag":[3371,3351,3132,3370,3373,3344,3345,3369,3295,2941,3355,3374,3349,3372],"class_list":{"0":"post-2986","1":"product","2":"type-product","3":"status-publish","4":"has-post-thumbnail","6":"product_cat-hikvision","7":"product_cat-videokameralar","8":"product_cat-videonzart","9":"product_tag-2mpkamera","10":"product_tag-akilliguvenlik","11":"product_tag-cctv","12":"product_tag-ds2ce19d3tit3zf","13":"product_tag-exir2","14":"product_tag-guvenlikkamerasi","15":"product_tag-guvenliksistemi","16":"product_tag-guvenliktexnologiyasi","17":"product_tag-hdkamera","18":"product_tag-hikvision","19":"product_tag-kayitcihazi","20":"product_tag-motorizedvarifocal","21":"product_tag-turbohd","22":"product_tag-ultralowlight","23":"description-off","25":"first","26":"instock","27":"shipping-taxable","28":"purchasable","29":"product-type-simple"},"_links":{"self":[{"href":"https:\/\/setap.az\/index.php?rest_route=\/wp\/v2\/product\/2986","targetHints":{"allow":["GET"]}}],"collection":[{"href":"https:\/\/setap.az\/index.php?rest_route=\/wp\/v2\/product"}],"about":[{"href":"https:\/\/setap.az\/index.php?rest_route=\/wp\/v2\/types\/product"}],"replies":[{"embeddable":true,"href":"https:\/\/setap.az\/index.php?rest_route=%2Fwp%2Fv2%2Fcomments&post=2986"}],"wp:featuredmedia":[{"embeddable":true,"href":"https:\/\/setap.az\/index.php?rest_route=\/wp\/v2\/media\/2987"}],"wp:attachment":[{"href":"https:\/\/setap.az\/index.php?rest_route=%2Fwp%2Fv2%2Fmedia&parent=2986"}],"wp:term":[{"taxonomy":"product_cat","embeddable":true,"href":"https:\/\/setap.az\/index.php?rest_route=%2Fwp%2Fv2%2Fproduct_cat&post=2986"},{"taxonomy":"product_tag","embeddable":true,"href":"https:\/\/setap.az\/index.php?rest_route=%2Fwp%2Fv2%2Fproduct_tag&post=2986"}],"curies":[{"name":"wp","href":"https:\/\/api.w.org\/{rel}","templated":true}]}}