{"id":2996,"date":"2025-05-08T10:46:45","date_gmt":"2025-05-08T06:46:45","guid":{"rendered":"https:\/\/setap.az\/?post_type=product&#038;p=2996"},"modified":"2025-05-08T16:48:49","modified_gmt":"2025-05-08T12:48:49","slug":"dvr-104fc-hiwatch","status":"publish","type":"product","link":"https:\/\/setap.az\/?product=dvr-104fc-hiwatch","title":{"rendered":"DVR 104F(C) HIWATCH"},"content":{"rendered":"<p>*HiWatch DVR-104F-C \u0259lav\u0259 bir IP kanal\u0131 olan analoq, HD-TVI, AHD v\u0259 CVI video kameralar \u00fc\u00e7\u00fcn d\u00f6rd kanall\u0131 hibrid HD-TVI videoregistratordur.<br \/>\n*Video giri\u015fi d\u00f6rd BNC kanal\u0131ndan ibar\u0259tdir.<br \/>\n*Video \u00e7\u0131x\u0131\u015f\u0131: bir VGA v\u0259 bir HDMI kanal\u0131.<br \/>\n*Audio giri\u015f v\u0259 \u00e7\u0131x\u0131\u015f RCA kanal\u0131ndan istifad\u0259 edir.<br \/>\n*Qeydiyyat\u00e7\u0131 6 Terabayt tutumlu s\u0259rt diskl\u0259ri d\u0259st\u0259kl\u0259yir.<br \/>\n*Enerji istehlak\u0131: 8W maks.<br \/>\n*\u0130\u015fl\u0259m\u0259 temperaturu: -10C il\u0259 +55C.<br \/>\n*Maksimum d\u0259st\u0259kl\u0259n\u0259n imkanlar:\t2 Mp<br \/>\n*\u00c7\u00f6z\u00fcn\u00fcrl\u00fck: 1920 \u00d7 1080P \/60Hz, 1280 \u00d7 1024 \/60Hz, 1280 \u00d7 720 \/60Hz,1024 \u00d7 768 \/60Hz<\/p>\n","protected":false},"excerpt":{"rendered":"<p>*HiWatch DVR-104F-C \u0259lav\u0259 bir IP kanal\u0131 olan analoq, HD-TVI, AHD v\u0259 CVI video kameralar \u00fc\u00e7\u00fcn d\u00f6rd kanall\u0131 hibrid HD-TVI videoregistratordur.<br \/>\n*Video giri\u015fi d\u00f6rd BNC kanal\u0131ndan ibar\u0259tdir.<br \/>\n*Video \u00e7\u0131x\u0131\u015f\u0131: bir VGA v\u0259 bir HDMI kanal\u0131.<br \/>\n*Audio giri\u015f v\u0259 \u00e7\u0131x\u0131\u015f RCA kanal\u0131ndan istifad\u0259 edir.<br \/>\n*Qeydiyyat\u00e7\u0131 6 Terabayt tutumlu s\u0259rt diskl\u0259ri d\u0259st\u0259kl\u0259yir.<br \/>\n*Enerji istehlak\u0131: 8W maks.<br \/>\n*\u0130\u015fl\u0259m\u0259 temperaturu: -10C il\u0259 +55C.<br \/>\n*Maksimum d\u0259st\u0259kl\u0259n\u0259n imkanlar:\t2 Mp<br \/>\n*\u00c7\u00f6z\u00fcn\u00fcrl\u00fck: 1920 \u00d7 1080P \/60Hz, 1280 \u00d7 1024 \/60Hz, 1280 \u00d7 720 \/60Hz,1024 \u00d7 768 \/60Hz<\/p>\n","protected":false},"featured_media":2997,"comment_status":"open","ping_status":"closed","template":"","meta":[],"product_cat":[2841,2850],"product_tag":[3357,3351,3132,3368,3346,3344,3345,3369,3367,3295,3360,3355,3349,3347],"class_list":{"0":"post-2996","1":"product","2":"type-product","3":"status-publish","4":"has-post-thumbnail","6":"product_cat-videonzart","7":"product_cat-videoqeydiyyatcilar","8":"product_tag-1mpdvr","9":"product_tag-akilliguvenlik","10":"product_tag-cctv","11":"product_tag-dvr104fc","12":"product_tag-evguvenligi","13":"product_tag-guvenlikkamerasi","14":"product_tag-guvenliksistemi","15":"product_tag-guvenliktexnologiyasi","16":"product_tag-h264plus","17":"product_tag-hdkamera","18":"product_tag-hiwatch","19":"product_tag-kayitcihazi","20":"product_tag-turbohd","21":"product_tag-videogozetimi","22":"description-off","24":"first","25":"instock","26":"shipping-taxable","27":"purchasable","28":"product-type-simple"},"_links":{"self":[{"href":"https:\/\/setap.az\/index.php?rest_route=\/wp\/v2\/product\/2996","targetHints":{"allow":["GET"]}}],"collection":[{"href":"https:\/\/setap.az\/index.php?rest_route=\/wp\/v2\/product"}],"about":[{"href":"https:\/\/setap.az\/index.php?rest_route=\/wp\/v2\/types\/product"}],"replies":[{"embeddable":true,"href":"https:\/\/setap.az\/index.php?rest_route=%2Fwp%2Fv2%2Fcomments&post=2996"}],"wp:featuredmedia":[{"embeddable":true,"href":"https:\/\/setap.az\/index.php?rest_route=\/wp\/v2\/media\/2997"}],"wp:attachment":[{"href":"https:\/\/setap.az\/index.php?rest_route=%2Fwp%2Fv2%2Fmedia&parent=2996"}],"wp:term":[{"taxonomy":"product_cat","embeddable":true,"href":"https:\/\/setap.az\/index.php?rest_route=%2Fwp%2Fv2%2Fproduct_cat&post=2996"},{"taxonomy":"product_tag","embeddable":true,"href":"https:\/\/setap.az\/index.php?rest_route=%2Fwp%2Fv2%2Fproduct_tag&post=2996"}],"curies":[{"name":"wp","href":"https:\/\/api.w.org\/{rel}","templated":true}]}}