{"id":3001,"date":"2025-05-08T10:53:36","date_gmt":"2025-05-08T06:53:36","guid":{"rendered":"https:\/\/setap.az\/?post_type=product&#038;p=3001"},"modified":"2025-05-08T16:37:06","modified_gmt":"2025-05-08T12:37:06","slug":"ds-h208qa-hiwatch-2mp","status":"publish","type":"product","link":"https:\/\/setap.az\/?product=ds-h208qa-hiwatch-2mp","title":{"rendered":"DS-H208QA HIWATCH 2mp"},"content":{"rendered":"<p>*8 kanal<br \/>\n*AoC texnologiyas\u0131 (koaksial kabel \u00fcz\u0259rind\u0259n audio)<br \/>\n*6 MP-\u0259 q\u0259d\u0259r ay\u0131rdetm\u0259 qabiliyy\u0259ti il\u0259<br \/>\n*yazma 1080p-\u0259 q\u0259d\u0259r ay\u0131rdetm\u0259 qabiliyy\u0259ti il\u0259<br \/>\n*1 SATA HDD 6 TB-\u0259 q\u0259d\u0259r<br \/>\n*1\/1 audio giri\u015f\/\u00e7\u0131x\u0131\u015f<br \/>\n*12-y\u0259 q\u0259d\u0259r IP kameran\u0131n yaz\u0131lmas\u0131<br \/>\n*\u015e\u0259b\u0259k\u0259 interfeysi 1 RJ-45 10M\/100M Ethernet<\/p>\n","protected":false},"excerpt":{"rendered":"<p>*8 kanal<br \/>\n*AoC texnologiyas\u0131 (koaksial kabel \u00fcz\u0259rind\u0259n audio)<br \/>\n*6 MP-\u0259 q\u0259d\u0259r ay\u0131rdetm\u0259 qabiliyy\u0259ti il\u0259<br \/>\n*yazma 1080p-\u0259 q\u0259d\u0259r ay\u0131rdetm\u0259 qabiliyy\u0259ti il\u0259<br \/>\n*1 SATA HDD 6 TB-\u0259 q\u0259d\u0259r<br \/>\n*1\/1 audio giri\u015f\/\u00e7\u0131x\u0131\u015f<br \/>\n*12-y\u0259 q\u0259d\u0259r IP kameran\u0131n yaz\u0131lmas\u0131<br \/>\n*\u015e\u0259b\u0259k\u0259 interfeysi 1 RJ-45 10M\/100M Ethernet<\/p>\n","protected":false},"featured_media":2997,"comment_status":"open","ping_status":"closed","template":"","meta":[],"product_cat":[2841,2850],"product_tag":[3343,3351,3362,3132,3361,3346,3344,3345,3353,3363,3295,3360,3355,3349,3347],"class_list":{"0":"post-3001","1":"product","2":"type-product","3":"status-publish","4":"has-post-thumbnail","6":"product_cat-videonzart","7":"product_cat-videoqeydiyyatcilar","8":"product_tag-2mpdvr","9":"product_tag-akilliguvenlik","10":"product_tag-aocteknolojisi","11":"product_tag-cctv","12":"product_tag-dsh208qa","13":"product_tag-evguvenligi","14":"product_tag-guvenlikkamerasi","15":"product_tag-guvenliksistemi","16":"product_tag-guvenlikteknolojisi","17":"product_tag-h265proplus","18":"product_tag-hdkamera","19":"product_tag-hiwatch","20":"product_tag-kayitcihazi","21":"product_tag-turbohd","22":"product_tag-videogozetimi","23":"description-off","25":"first","26":"instock","27":"shipping-taxable","28":"purchasable","29":"product-type-simple"},"_links":{"self":[{"href":"https:\/\/setap.az\/index.php?rest_route=\/wp\/v2\/product\/3001","targetHints":{"allow":["GET"]}}],"collection":[{"href":"https:\/\/setap.az\/index.php?rest_route=\/wp\/v2\/product"}],"about":[{"href":"https:\/\/setap.az\/index.php?rest_route=\/wp\/v2\/types\/product"}],"replies":[{"embeddable":true,"href":"https:\/\/setap.az\/index.php?rest_route=%2Fwp%2Fv2%2Fcomments&post=3001"}],"wp:featuredmedia":[{"embeddable":true,"href":"https:\/\/setap.az\/index.php?rest_route=\/wp\/v2\/media\/2997"}],"wp:attachment":[{"href":"https:\/\/setap.az\/index.php?rest_route=%2Fwp%2Fv2%2Fmedia&parent=3001"}],"wp:term":[{"taxonomy":"product_cat","embeddable":true,"href":"https:\/\/setap.az\/index.php?rest_route=%2Fwp%2Fv2%2Fproduct_cat&post=3001"},{"taxonomy":"product_tag","embeddable":true,"href":"https:\/\/setap.az\/index.php?rest_route=%2Fwp%2Fv2%2Fproduct_tag&post=3001"}],"curies":[{"name":"wp","href":"https:\/\/api.w.org\/{rel}","templated":true}]}}