{"id":3004,"date":"2025-05-08T11:21:15","date_gmt":"2025-05-08T07:21:15","guid":{"rendered":"https:\/\/setap.az\/?post_type=product&#038;p=3004"},"modified":"2025-05-08T16:28:45","modified_gmt":"2025-05-08T12:28:45","slug":"ds-7104hqhi-k1-hikvision-2mp","status":"publish","type":"product","link":"https:\/\/setap.az\/?product=ds-7104hqhi-k1-hikvision-2mp","title":{"rendered":"DS-7104HQHI-K1 HIKVISION 2mp"},"content":{"rendered":"<p>*DS-7100HQHI-K1(C)(S) seriyal\u0131 DVR TURBO HD r\u0259q\u0259msal videoregistratordur<br \/>\n*H.265 Pro+ \/ H.265 Pro \/ H.265<br \/>\n*HDTVI \/ AHD \/ CVI \/ CVBS \/ IP video giri\u015fl\u0259ri<br \/>\n*Audio \u00fcz\u0259rind\u0259n koaksial kabel<br \/>\n*IP video giri\u015fl\u0259ri: 6 \/ 12 \/ 24 kanala q\u0259d\u0259r (6 MP-\u0259 q\u0259d\u0259r)<br \/>\n*HDTVI siqnal\u0131: maks. 1080p \u00fc\u00e7\u00fcn 800 m v\u0259 720p \u00fc\u00e7\u00fcn 1200 m<br \/>\n*H\u0259r HDD \u00fc\u00e7\u00fcn 6 TB-a q\u0259d\u0259r<\/p>\n","protected":false},"excerpt":{"rendered":"<p>*DS-7100HQHI-K1(C)(S) seriyal\u0131 DVR TURBO HD r\u0259q\u0259msal videoregistratordur<br \/>\n*H.265 Pro+ \/ H.265 Pro \/ H.265<br \/>\n*HDTVI \/ AHD \/ CVI \/ CVBS \/ IP video giri\u015fl\u0259ri<br \/>\n*Audio \u00fcz\u0259rind\u0259n koaksial kabel<br \/>\n*IP video giri\u015fl\u0259ri: 6 \/ 12 \/ 24 kanala q\u0259d\u0259r (6 MP-\u0259 q\u0259d\u0259r)<br \/>\n*HDTVI siqnal\u0131: maks. 1080p \u00fc\u00e7\u00fcn 800 m v\u0259 720p \u00fc\u00e7\u00fcn 1200 m<br \/>\n*H\u0259r HDD \u00fc\u00e7\u00fcn 6 TB-a q\u0259d\u0259r<\/p>\n","protected":false},"featured_media":3003,"comment_status":"open","ping_status":"closed","template":"","meta":[],"product_cat":[2841,2850],"product_tag":[3343,3351,3132,3354,3346,3350,3344,3345,3353,3295,2941,3348,3355,3349,3347],"class_list":{"0":"post-3004","1":"product","2":"type-product","3":"status-publish","4":"has-post-thumbnail","6":"product_cat-videonzart","7":"product_cat-videoqeydiyyatcilar","8":"product_tag-2mpdvr","9":"product_tag-akilliguvenlik","10":"product_tag-cctv","11":"product_tag-ds7104hqhik1","12":"product_tag-evguvenligi","13":"product_tag-guvenlikcozumleri","14":"product_tag-guvenlikkamerasi","15":"product_tag-guvenliksistemi","16":"product_tag-guvenlikteknolojisi","17":"product_tag-hdkamera","18":"product_tag-hikvision","19":"product_tag-hikvisionguvenlik","20":"product_tag-kayitcihazi","21":"product_tag-turbohd","22":"product_tag-videogozetimi","23":"description-off","25":"first","26":"instock","27":"shipping-taxable","28":"purchasable","29":"product-type-simple"},"_links":{"self":[{"href":"https:\/\/setap.az\/index.php?rest_route=\/wp\/v2\/product\/3004","targetHints":{"allow":["GET"]}}],"collection":[{"href":"https:\/\/setap.az\/index.php?rest_route=\/wp\/v2\/product"}],"about":[{"href":"https:\/\/setap.az\/index.php?rest_route=\/wp\/v2\/types\/product"}],"replies":[{"embeddable":true,"href":"https:\/\/setap.az\/index.php?rest_route=%2Fwp%2Fv2%2Fcomments&post=3004"}],"wp:featuredmedia":[{"embeddable":true,"href":"https:\/\/setap.az\/index.php?rest_route=\/wp\/v2\/media\/3003"}],"wp:attachment":[{"href":"https:\/\/setap.az\/index.php?rest_route=%2Fwp%2Fv2%2Fmedia&parent=3004"}],"wp:term":[{"taxonomy":"product_cat","embeddable":true,"href":"https:\/\/setap.az\/index.php?rest_route=%2Fwp%2Fv2%2Fproduct_cat&post=3004"},{"taxonomy":"product_tag","embeddable":true,"href":"https:\/\/setap.az\/index.php?rest_route=%2Fwp%2Fv2%2Fproduct_tag&post=3004"}],"curies":[{"name":"wp","href":"https:\/\/api.w.org\/{rel}","templated":true}]}}