{"id":3006,"date":"2025-05-08T11:26:28","date_gmt":"2025-05-08T07:26:28","guid":{"rendered":"https:\/\/setap.az\/?post_type=product&#038;p=3006"},"modified":"2025-05-08T15:54:53","modified_gmt":"2025-05-08T11:54:53","slug":"ds-e04hghi-b-hikvision","status":"publish","type":"product","link":"https:\/\/setap.az\/?product=ds-e04hghi-b-hikvision","title":{"rendered":"DS-E04HGHI-B HIKVISION"},"content":{"rendered":"<p>*eSSD texnologiyas\u0131 il\u0259 t\u0259chiz edilmi\u015fdir<br \/>\n*D\u0259rin \u00f6yr\u0259nm\u0259 \u0259sasl\u0131 insan v\u0259 avtomobil h\u0259d\u0259fl\u0259rinin H\u0259r\u0259k\u0259t Alg\u0131lama 2.0 t\u0259snifat\u0131<br \/>\n*1080p Lite@30 fps-\u0259 q\u0259d\u0259r kodla\u015fd\u0131rma qabiliyy\u0259ti<br \/>\n*A\u015fa\u011f\u0131 enerji istehlak\u0131<br \/>\n*Koaksial kabel vasit\u0259sil\u0259 audio<br \/>\n*Video S\u0131x\u0131lma H.265 Pro\/H.265<br \/>\n*Tutum Daxili 330 GB eSSD (300 GB m\u00f6vcuddur)<br \/>\n*Enerji T\u0259chizat\u0131 12 VDC, 1 A<\/p>\n","protected":false},"excerpt":{"rendered":"<p>*eSSD texnologiyas\u0131 il\u0259 t\u0259chiz edilmi\u015fdir<br \/>\n*D\u0259rin \u00f6yr\u0259nm\u0259 \u0259sasl\u0131 insan v\u0259 avtomobil h\u0259d\u0259fl\u0259rinin H\u0259r\u0259k\u0259t Alg\u0131lama 2.0 t\u0259snifat\u0131<br \/>\n*1080p Lite@30 fps-\u0259 q\u0259d\u0259r kodla\u015fd\u0131rma qabiliyy\u0259ti<br \/>\n*A\u015fa\u011f\u0131 enerji istehlak\u0131<br \/>\n*Koaksial kabel vasit\u0259sil\u0259 audio<br \/>\n*Video S\u0131x\u0131lma H.265 Pro\/H.265<br \/>\n*Tutum Daxili 330 GB eSSD (300 GB m\u00f6vcuddur)<br \/>\n*Enerji T\u0259chizat\u0131 12 VDC, 1 A<\/p>\n","protected":false},"featured_media":3007,"comment_status":"open","ping_status":"closed","template":"","meta":[],"product_cat":[2841,2850],"product_tag":[3341,3132,3334,3335,3290,3337,2941,3136,3336,3300,3338,3339,3034,3035,3340],"class_list":{"0":"post-3006","1":"product","2":"type-product","3":"status-publish","4":"has-post-thumbnail","6":"product_cat-videonzart","7":"product_cat-videoqeydiyyatcilar","8":"product_tag-4kanaldvr","9":"product_tag-cctv","10":"product_tag-dse04hghib","11":"product_tag-dvrqeydiyyat","12":"product_tag-evthluksizliyi","13":"product_tag-hdvideoyazici","14":"product_tag-hikvision","15":"product_tag-hikvisiondvr","16":"product_tag-hikvisiontexnologiya","17":"product_tag-kamerasistemi","18":"product_tag-nzartsistemi","19":"product_tag-ofismusahid","20":"product_tag-thluksizliksistemi","21":"product_tag-videomusahid","22":"product_tag-xttiqeydiyyat","23":"description-off","25":"first","26":"instock","27":"shipping-taxable","28":"purchasable","29":"product-type-simple"},"_links":{"self":[{"href":"https:\/\/setap.az\/index.php?rest_route=\/wp\/v2\/product\/3006","targetHints":{"allow":["GET"]}}],"collection":[{"href":"https:\/\/setap.az\/index.php?rest_route=\/wp\/v2\/product"}],"about":[{"href":"https:\/\/setap.az\/index.php?rest_route=\/wp\/v2\/types\/product"}],"replies":[{"embeddable":true,"href":"https:\/\/setap.az\/index.php?rest_route=%2Fwp%2Fv2%2Fcomments&post=3006"}],"wp:featuredmedia":[{"embeddable":true,"href":"https:\/\/setap.az\/index.php?rest_route=\/wp\/v2\/media\/3007"}],"wp:attachment":[{"href":"https:\/\/setap.az\/index.php?rest_route=%2Fwp%2Fv2%2Fmedia&parent=3006"}],"wp:term":[{"taxonomy":"product_cat","embeddable":true,"href":"https:\/\/setap.az\/index.php?rest_route=%2Fwp%2Fv2%2Fproduct_cat&post=3006"},{"taxonomy":"product_tag","embeddable":true,"href":"https:\/\/setap.az\/index.php?rest_route=%2Fwp%2Fv2%2Fproduct_tag&post=3006"}],"curies":[{"name":"wp","href":"https:\/\/api.w.org\/{rel}","templated":true}]}}