{"id":3010,"date":"2025-05-08T09:02:58","date_gmt":"2025-05-08T05:02:58","guid":{"rendered":"https:\/\/setap.az\/?post_type=product&#038;p=3010"},"modified":"2026-02-20T15:20:50","modified_gmt":"2026-02-20T11:20:50","slug":"hdd-500-gb","status":"publish","type":"product","link":"https:\/\/setap.az\/?product=hdd-500-gb","title":{"rendered":"HDD 500 GB"},"content":{"rendered":"<p>500 GB HDD \u2013 \u018fsas Fayllar \u00fc\u00e7\u00fcn Kompakt Yadda\u015f<br \/>\n500 GB s\u0259rt disk, s\u0259n\u0259dl\u0259r, \u015f\u0259kill\u0259r, musiqil\u0259r v\u0259 y\u00fcng\u00fcl proqramlar \u00fc\u00e7\u00fcn g\u00fcnd\u0259lik istifad\u0259 \u00fc\u00e7\u00fcn kifay\u0259t edir. B\u00fcdc\u0259y\u0259 uy\u011fun, sad\u0259 v\u0259 etibarl\u0131 yadda\u015f h\u0259llidir. \u018fsas\u0259n k\u00f6hn\u0259 noutbuk v\u0259 masa\u00fcst\u00fc komp\u00fcterl\u0259rd\u0259 istifad\u0259 olunur.<\/p>\n","protected":false},"excerpt":{"rendered":"<p>S\u0259rt Disk<br \/>\nYadda\u015f qur\u011fusu<\/p>\n","protected":false},"featured_media":3011,"comment_status":"open","ping_status":"closed","template":"","meta":[],"product_cat":[2843,2820,2841,2825],"product_tag":[3332,3316,3305,3328,3325,3311,3304,3308,3314,3303,3028,3333,3317,3323,3329],"class_list":{"0":"post-3010","1":"product","2":"type-product","3":"status-publish","4":"has-post-thumbnail","6":"product_cat-hdd-yaddas-qurgulari","7":"product_cat-komputer-texnikasi","8":"product_cat-videonzart","9":"product_cat-xarici-srt-disklr-yaddas-kartlari-flash","10":"product_tag-500gbhdd","11":"product_tag-backupdisk","12":"product_tag-datastorage","13":"product_tag-gundlikistifad","14":"product_tag-hdd","15":"product_tag-komputeryaddasi","16":"product_tag-mlumatyaddasi","17":"product_tag-satahdd","18":"product_tag-seagatehdd","19":"product_tag-srtdisk","20":"product_tag-texnologiya","21":"product_tag-wd500gb","22":"product_tag-xaricidisk","23":"product_tag-yaddashlli","24":"product_tag-yaddastutumu","25":"description-off","27":"first","28":"instock","29":"shipping-taxable","30":"purchasable","31":"product-type-simple"},"_links":{"self":[{"href":"https:\/\/setap.az\/index.php?rest_route=\/wp\/v2\/product\/3010","targetHints":{"allow":["GET"]}}],"collection":[{"href":"https:\/\/setap.az\/index.php?rest_route=\/wp\/v2\/product"}],"about":[{"href":"https:\/\/setap.az\/index.php?rest_route=\/wp\/v2\/types\/product"}],"replies":[{"embeddable":true,"href":"https:\/\/setap.az\/index.php?rest_route=%2Fwp%2Fv2%2Fcomments&post=3010"}],"wp:featuredmedia":[{"embeddable":true,"href":"https:\/\/setap.az\/index.php?rest_route=\/wp\/v2\/media\/3011"}],"wp:attachment":[{"href":"https:\/\/setap.az\/index.php?rest_route=%2Fwp%2Fv2%2Fmedia&parent=3010"}],"wp:term":[{"taxonomy":"product_cat","embeddable":true,"href":"https:\/\/setap.az\/index.php?rest_route=%2Fwp%2Fv2%2Fproduct_cat&post=3010"},{"taxonomy":"product_tag","embeddable":true,"href":"https:\/\/setap.az\/index.php?rest_route=%2Fwp%2Fv2%2Fproduct_tag&post=3010"}],"curies":[{"name":"wp","href":"https:\/\/api.w.org\/{rel}","templated":true}]}}