{"id":3012,"date":"2025-05-08T09:05:16","date_gmt":"2025-05-08T05:05:16","guid":{"rendered":"https:\/\/setap.az\/?post_type=product&#038;p=3012"},"modified":"2026-02-20T15:20:15","modified_gmt":"2026-02-20T11:20:15","slug":"hdd-1-tb","status":"publish","type":"product","link":"https:\/\/setap.az\/?product=hdd-1-tb","title":{"rendered":"HDD 1 TB"},"content":{"rendered":"<p>1 TB HDD \u2013 \u018fsas Yadda\u015f T\u0259l\u0259bat\u0131 \u00fc\u00e7\u00fcn Uy\u011fun Se\u00e7im<br \/>\n1 TB s\u0259rt disk, s\u0259n\u0259dl\u0259r, \u015f\u0259kill\u0259r, videolar v\u0259 proqramlar \u00fc\u00e7\u00fcn g\u00fcnd\u0259lik yadda\u015f ehtiyaclar\u0131n\u0131 qar\u015f\u0131lamaq \u00fc\u00e7\u00fcn ideald\u0131r. Komp\u00fcterl\u0259rd\u0259 daxili v\u0259 ya xarici disk kimi istifad\u0259 oluna bil\u0259r. Qiym\u0259t v\u0259 tutum bax\u0131m\u0131ndan balansl\u0131 se\u00e7imdir.<\/p>\n","protected":false},"excerpt":{"rendered":"<p>S\u0259rt Disk<br \/>\nYadda\u015f qur\u011fusu<\/p>\n","protected":false},"featured_media":3013,"comment_status":"open","ping_status":"closed","template":"","meta":[],"product_cat":[2843,2820,2841,2825],"product_tag":[3330,3316,3305,3328,3325,3311,3304,3308,3314,3303,3028,3331,3317,3323,3329],"class_list":{"0":"post-3012","1":"product","2":"type-product","3":"status-publish","4":"has-post-thumbnail","6":"product_cat-hdd-yaddas-qurgulari","7":"product_cat-komputer-texnikasi","8":"product_cat-videonzart","9":"product_cat-xarici-srt-disklr-yaddas-kartlari-flash","10":"product_tag-1tbhdd","11":"product_tag-backupdisk","12":"product_tag-datastorage","13":"product_tag-gundlikistifad","14":"product_tag-hdd","15":"product_tag-komputeryaddasi","16":"product_tag-mlumatyaddasi","17":"product_tag-satahdd","18":"product_tag-seagatehdd","19":"product_tag-srtdisk","20":"product_tag-texnologiya","21":"product_tag-wd1tb","22":"product_tag-xaricidisk","23":"product_tag-yaddashlli","24":"product_tag-yaddastutumu","25":"description-off","27":"first","28":"instock","29":"shipping-taxable","30":"purchasable","31":"product-type-simple"},"_links":{"self":[{"href":"https:\/\/setap.az\/index.php?rest_route=\/wp\/v2\/product\/3012","targetHints":{"allow":["GET"]}}],"collection":[{"href":"https:\/\/setap.az\/index.php?rest_route=\/wp\/v2\/product"}],"about":[{"href":"https:\/\/setap.az\/index.php?rest_route=\/wp\/v2\/types\/product"}],"replies":[{"embeddable":true,"href":"https:\/\/setap.az\/index.php?rest_route=%2Fwp%2Fv2%2Fcomments&post=3012"}],"wp:featuredmedia":[{"embeddable":true,"href":"https:\/\/setap.az\/index.php?rest_route=\/wp\/v2\/media\/3013"}],"wp:attachment":[{"href":"https:\/\/setap.az\/index.php?rest_route=%2Fwp%2Fv2%2Fmedia&parent=3012"}],"wp:term":[{"taxonomy":"product_cat","embeddable":true,"href":"https:\/\/setap.az\/index.php?rest_route=%2Fwp%2Fv2%2Fproduct_cat&post=3012"},{"taxonomy":"product_tag","embeddable":true,"href":"https:\/\/setap.az\/index.php?rest_route=%2Fwp%2Fv2%2Fproduct_tag&post=3012"}],"curies":[{"name":"wp","href":"https:\/\/api.w.org\/{rel}","templated":true}]}}