{"id":3016,"date":"2025-05-08T09:07:14","date_gmt":"2025-05-08T05:07:14","guid":{"rendered":"https:\/\/setap.az\/?post_type=product&#038;p=3016"},"modified":"2026-02-20T15:19:05","modified_gmt":"2026-02-20T11:19:05","slug":"hdd-4-tb","status":"publish","type":"product","link":"https:\/\/setap.az\/?product=hdd-4-tb","title":{"rendered":"HDD 4 TB"},"content":{"rendered":"<p>4 TB HDD \u2013 Effektiv Yadda\u015f H\u0259lli<br \/>\n4 TB s\u0259rt disk, g\u00fcnd\u0259lik istifad\u0259, film, musiqi, s\u0259n\u0259d v\u0259 layih\u0259l\u0259rin saxlanmas\u0131 \u00fc\u00e7\u00fcn kifay\u0259t q\u0259d\u0259r geni\u015f tutum t\u0259qdim edir. Ev v\u0259 ofis komp\u00fcterl\u0259ri \u00fc\u00e7\u00fcn ideal se\u00e7imdir. SATA interfeysi il\u0259 s\u00fcr\u0259tli v\u0259 stabil i\u015fl\u0259yir.<\/p>\n","protected":false},"excerpt":{"rendered":"<p>S\u0259rt Disk<br \/>\nYadda\u015f qur\u011fusu<\/p>\n","protected":false},"featured_media":3017,"comment_status":"open","ping_status":"closed","template":"","meta":[],"product_cat":[2843,2820,2841,2825],"product_tag":[3322,3309,3316,3305,3325,3311,3304,3308,3314,3303,3028,3310,3324,3317,3323],"class_list":{"0":"post-3016","1":"product","2":"type-product","3":"status-publish","4":"has-post-thumbnail","6":"product_cat-hdd-yaddas-qurgulari","7":"product_cat-komputer-texnikasi","8":"product_cat-videonzart","9":"product_cat-xarici-srt-disklr-yaddas-kartlari-flash","10":"product_tag-4tbhdd","11":"product_tag-arxivdisk","12":"product_tag-backupdisk","13":"product_tag-datastorage","14":"product_tag-hdd","15":"product_tag-komputeryaddasi","16":"product_tag-mlumatyaddasi","17":"product_tag-satahdd","18":"product_tag-seagatehdd","19":"product_tag-srtdisk","20":"product_tag-texnologiya","21":"product_tag-videosaxlama","22":"product_tag-wd4tb","23":"product_tag-xaricidisk","24":"product_tag-yaddashlli","25":"description-off","27":"first","28":"instock","29":"shipping-taxable","30":"purchasable","31":"product-type-simple"},"_links":{"self":[{"href":"https:\/\/setap.az\/index.php?rest_route=\/wp\/v2\/product\/3016","targetHints":{"allow":["GET"]}}],"collection":[{"href":"https:\/\/setap.az\/index.php?rest_route=\/wp\/v2\/product"}],"about":[{"href":"https:\/\/setap.az\/index.php?rest_route=\/wp\/v2\/types\/product"}],"replies":[{"embeddable":true,"href":"https:\/\/setap.az\/index.php?rest_route=%2Fwp%2Fv2%2Fcomments&post=3016"}],"wp:featuredmedia":[{"embeddable":true,"href":"https:\/\/setap.az\/index.php?rest_route=\/wp\/v2\/media\/3017"}],"wp:attachment":[{"href":"https:\/\/setap.az\/index.php?rest_route=%2Fwp%2Fv2%2Fmedia&parent=3016"}],"wp:term":[{"taxonomy":"product_cat","embeddable":true,"href":"https:\/\/setap.az\/index.php?rest_route=%2Fwp%2Fv2%2Fproduct_cat&post=3016"},{"taxonomy":"product_tag","embeddable":true,"href":"https:\/\/setap.az\/index.php?rest_route=%2Fwp%2Fv2%2Fproduct_tag&post=3016"}],"curies":[{"name":"wp","href":"https:\/\/api.w.org\/{rel}","templated":true}]}}