{"id":3020,"date":"2025-05-08T09:18:32","date_gmt":"2025-05-08T05:18:32","guid":{"rendered":"https:\/\/setap.az\/?post_type=product&#038;p=3020"},"modified":"2026-02-20T15:18:40","modified_gmt":"2026-02-20T11:18:40","slug":"hdd-6-tb","status":"publish","type":"product","link":"https:\/\/setap.az\/?product=hdd-6-tb","title":{"rendered":"HDD 6 TB"},"content":{"rendered":"<p>6 TB s\u0259rt disk, b\u00f6y\u00fck fayllar\u0131n saxlanmas\u0131, ehtiyat n\u00fcsx\u0259l\u0259rin yarad\u0131lmas\u0131 v\u0259 uzunm\u00fcdd\u0259tli arxiv \u00fc\u00e7\u00fcn ideal se\u00e7imdir. Komp\u00fcter, NAS v\u0259 m\u00fc\u015fahid\u0259 sisteml\u0259rind\u0259 istifad\u0259 olunur. SATA ba\u011flant\u0131s\u0131 v\u0259 stabil performans\u0131 il\u0259 f\u0259rdi v\u0259 pe\u015f\u0259kar istifad\u0259\u00e7il\u0259r \u00fc\u00e7\u00fcn uy\u011fundur.<\/p>\n","protected":false},"excerpt":{"rendered":"<p>S\u0259rt Disk<br \/>\nYadda\u015f qur\u011fusu<\/p>\n","protected":false},"featured_media":3021,"comment_status":"open","ping_status":"closed","template":"","meta":[],"product_cat":[2843,2820,2841,2825],"product_tag":[3320,3309,3316,3305,3311,3304,3318,3308,3314,3303,3028,3310,3321,3317,3302],"class_list":{"0":"post-3020","1":"product","2":"type-product","3":"status-publish","4":"has-post-thumbnail","6":"product_cat-hdd-yaddas-qurgulari","7":"product_cat-komputer-texnikasi","8":"product_cat-videonzart","9":"product_cat-xarici-srt-disklr-yaddas-kartlari-flash","10":"product_tag-6tbhdd","11":"product_tag-arxivdisk","12":"product_tag-backupdisk","13":"product_tag-datastorage","14":"product_tag-komputeryaddasi","15":"product_tag-mlumatyaddasi","16":"product_tag-nashdd","17":"product_tag-satahdd","18":"product_tag-seagatehdd","19":"product_tag-srtdisk","20":"product_tag-texnologiya","21":"product_tag-videosaxlama","22":"product_tag-wd6tb","23":"product_tag-xaricidisk","24":"product_tag-yuksktutum","25":"description-off","27":"first","28":"instock","29":"shipping-taxable","30":"purchasable","31":"product-type-simple"},"_links":{"self":[{"href":"https:\/\/setap.az\/index.php?rest_route=\/wp\/v2\/product\/3020","targetHints":{"allow":["GET"]}}],"collection":[{"href":"https:\/\/setap.az\/index.php?rest_route=\/wp\/v2\/product"}],"about":[{"href":"https:\/\/setap.az\/index.php?rest_route=\/wp\/v2\/types\/product"}],"replies":[{"embeddable":true,"href":"https:\/\/setap.az\/index.php?rest_route=%2Fwp%2Fv2%2Fcomments&post=3020"}],"wp:featuredmedia":[{"embeddable":true,"href":"https:\/\/setap.az\/index.php?rest_route=\/wp\/v2\/media\/3021"}],"wp:attachment":[{"href":"https:\/\/setap.az\/index.php?rest_route=%2Fwp%2Fv2%2Fmedia&parent=3020"}],"wp:term":[{"taxonomy":"product_cat","embeddable":true,"href":"https:\/\/setap.az\/index.php?rest_route=%2Fwp%2Fv2%2Fproduct_cat&post=3020"},{"taxonomy":"product_tag","embeddable":true,"href":"https:\/\/setap.az\/index.php?rest_route=%2Fwp%2Fv2%2Fproduct_tag&post=3020"}],"curies":[{"name":"wp","href":"https:\/\/api.w.org\/{rel}","templated":true}]}}