{"id":3022,"date":"2025-05-08T09:18:58","date_gmt":"2025-05-08T05:18:58","guid":{"rendered":"https:\/\/setap.az\/?post_type=product&#038;p=3022"},"modified":"2026-02-20T15:18:18","modified_gmt":"2026-02-20T11:18:18","slug":"hdd-8-tb","status":"publish","type":"product","link":"https:\/\/setap.az\/?product=hdd-8-tb","title":{"rendered":"HDD 8 TB"},"content":{"rendered":"<p>8 TB HDD komp\u00fcter v\u0259 NAS sisteml\u0259ri \u00fc\u00e7\u00fcn ideal geni\u015f tutumlu yadda\u015f h\u0259llidir. Bu tip s\u0259rt diskl\u0259r b\u00f6y\u00fck h\u0259cmli fayllar\u0131n (4K videolar, layih\u0259l\u0259r, ehtiyat n\u00fcsx\u0259l\u0259r) saxlanmas\u0131 v\u0259 uzunm\u00fcdd\u0259tli arxivl\u0259\u015fdirm\u0259 \u00fc\u00e7\u00fcn istifad\u0259 olunur.<br \/>\nStabilliyi v\u0259 tutumu il\u0259 h\u0259m f\u0259rdi, h\u0259m d\u0259 pe\u015f\u0259kar istifad\u0259\u00e7il\u0259r \u00fc\u00e7\u00fcn \u0259la se\u00e7imdir.<\/p>\n","protected":false},"excerpt":{"rendered":"<p>S\u0259rt Disk<br \/>\nYadda\u015f qur\u011fusu<\/p>\n","protected":false},"featured_media":3019,"comment_status":"open","ping_status":"closed","template":"","meta":[],"product_cat":[2843,2820,2841,2825],"product_tag":[3315,3309,3316,3305,3311,3304,3318,3308,3314,3303,3028,3310,3319,3317,3302],"class_list":{"0":"post-3022","1":"product","2":"type-product","3":"status-publish","4":"has-post-thumbnail","6":"product_cat-hdd-yaddas-qurgulari","7":"product_cat-komputer-texnikasi","8":"product_cat-videonzart","9":"product_cat-xarici-srt-disklr-yaddas-kartlari-flash","10":"product_tag-8tbhdd","11":"product_tag-arxivdisk","12":"product_tag-backupdisk","13":"product_tag-datastorage","14":"product_tag-komputeryaddasi","15":"product_tag-mlumatyaddasi","16":"product_tag-nashdd","17":"product_tag-satahdd","18":"product_tag-seagatehdd","19":"product_tag-srtdisk","20":"product_tag-texnologiya","21":"product_tag-videosaxlama","22":"product_tag-wd8tb","23":"product_tag-xaricidisk","24":"product_tag-yuksktutum","25":"description-off","27":"first","28":"instock","29":"shipping-taxable","30":"purchasable","31":"product-type-simple"},"_links":{"self":[{"href":"https:\/\/setap.az\/index.php?rest_route=\/wp\/v2\/product\/3022","targetHints":{"allow":["GET"]}}],"collection":[{"href":"https:\/\/setap.az\/index.php?rest_route=\/wp\/v2\/product"}],"about":[{"href":"https:\/\/setap.az\/index.php?rest_route=\/wp\/v2\/types\/product"}],"replies":[{"embeddable":true,"href":"https:\/\/setap.az\/index.php?rest_route=%2Fwp%2Fv2%2Fcomments&post=3022"}],"wp:featuredmedia":[{"embeddable":true,"href":"https:\/\/setap.az\/index.php?rest_route=\/wp\/v2\/media\/3019"}],"wp:attachment":[{"href":"https:\/\/setap.az\/index.php?rest_route=%2Fwp%2Fv2%2Fmedia&parent=3022"}],"wp:term":[{"taxonomy":"product_cat","embeddable":true,"href":"https:\/\/setap.az\/index.php?rest_route=%2Fwp%2Fv2%2Fproduct_cat&post=3022"},{"taxonomy":"product_tag","embeddable":true,"href":"https:\/\/setap.az\/index.php?rest_route=%2Fwp%2Fv2%2Fproduct_tag&post=3022"}],"curies":[{"name":"wp","href":"https:\/\/api.w.org\/{rel}","templated":true}]}}