{"id":3111,"date":"2025-05-08T11:49:43","date_gmt":"2025-05-08T07:49:43","guid":{"rendered":"https:\/\/setap.az\/?post_type=product&#038;p=3111"},"modified":"2025-06-19T12:11:42","modified_gmt":"2025-06-19T08:11:42","slug":"xm-n900-camera","status":"publish","type":"product","link":"https:\/\/setap.az\/?product=xm-n900-camera","title":{"rendered":"XM-N900 Camera"},"content":{"rendered":"<p>*Telefonla idar\u0259olunma<br \/>\n*\u0130kit\u0259r\u0259fli S\u0259s \u00f6t\u00fcrm\u0259<br \/>\n*G\u00fcnd\u00fcz\/Gec\u0259 rejimi<br \/>\n*32-128 GB q\u0259d\u0259r SD kart Yadda\u015f\u0131 d\u0259st\u0259kl\u0259yir<br \/>\n*A\u011f\u0131ll\u0131 insan izl\u0259m\u0259 sensoru<br \/>\n*4 MP g\u00f6r\u00fcnt\u00fc<br \/>\n*270 d\u0259r\u0259c\u0259 bax\u0131\u015f Buca\u011f\u0131<br \/>\n\u00c7\u00f6z\u00fcn\u00fcrl\u00fck: 1080p Full HD (1920&#215;1080)<br \/>\nLens: 3.6mm geni\u015f bucaql\u0131 lens<br \/>\nGec\u0259 G\u00f6r\u00fc\u015f\u00fc: IR LED-l\u0259rl\u0259 20-30m m\u0259saf\u0259d\u0259 g\u00f6r\u00fcnt\u00fc<br \/>\nH\u0259r\u0259k\u0259t A\u015fkarlanmas\u0131: A\u011f\u0131ll\u0131 x\u0259b\u0259rdarl\u0131q sistemi<br \/>\nBa\u011flant\u0131: Wi-Fi \/ LAN<br \/>\nQura\u015fd\u0131rma: Daxili v\u0259 xarici istifad\u0259y\u0259 uy\u011fun<br \/>\n\u00dcst\u00fcnl\u00fckl\u0259ri:<br \/>\nA\u011f\u0131ll\u0131 telefon t\u0259tbiqi il\u0259 idar\u0259etm\u0259<br \/>\nReal vaxt bildiri\u015fl\u0259ri<br \/>\nAsan qura\u015fd\u0131rma<br \/>\nKablosuz istifad\u0259 imkan\u0131<br \/>\nT\u0259hl\u00fck\u0259siz v\u0259 stabil \u0259laq\u0259<\/p>\n","protected":false},"excerpt":{"rendered":"<p>*Telefonla idar\u0259olunma *\u0130kit\u0259r\u0259fli S\u0259s \u00f6t\u00fcrm\u0259 *G\u00fcnd\u00fcz\/Gec\u0259 rejimi *32-128 GB q\u0259d\u0259r SD kart Yadda\u015f\u0131 d\u0259st\u0259kl\u0259yir *A\u011f\u0131ll\u0131 insan izl\u0259m\u0259 sensoru *4 MP g\u00f6r\u00fcnt\u00fc *270 d\u0259r\u0259c\u0259 bax\u0131\u015f Buca\u011f\u0131 \u00c7\u00f6z\u00fcn\u00fcrl\u00fck: 1080p Full HD (1920&#215;1080) Lens: 3.6mm geni\u015f bucaql\u0131 lens Gec\u0259 G\u00f6r\u00fc\u015f\u00fc: IR LED-l\u0259rl\u0259 20-30m m\u0259saf\u0259d\u0259 g\u00f6r\u00fcnt\u00fc H\u0259r\u0259k\u0259t A\u015fkarlanmas\u0131: A\u011f\u0131ll\u0131 x\u0259b\u0259rdarl\u0131q sistemi Ba\u011flant\u0131: Wi-Fi \/ LAN Qura\u015fd\u0131rma: Daxili v\u0259 xarici&hellip;<\/p>\n","protected":false},"featured_media":3112,"comment_status":"open","ping_status":"closed","template":"","meta":[],"product_cat":[2841,2862],"product_tag":[3263,3257,3132,3262,3255,3264,3260,3254,3144,3259,3261,3258],"class_list":{"0":"post-3111","1":"product","2":"type-product","3":"status-publish","4":"has-post-thumbnail","6":"product_cat-videonzart","7":"product_cat-wifi-kameralar","8":"product_tag-1080pkamera","9":"product_tag-agillievtexnologiyasi","10":"product_tag-cctv","11":"product_tag-evmuhafizsi","12":"product_tag-gecgoruslukamera","13":"product_tag-ikitrfliss","14":"product_tag-ipcamera","15":"product_tag-kablosuzkamera","16":"product_tag-smartkamera","17":"product_tag-thluksizlikkamera","18":"product_tag-wificamera","19":"product_tag-xmn900","20":"description-off","22":"first","23":"instock","24":"shipping-taxable","25":"purchasable","26":"product-type-simple"},"_links":{"self":[{"href":"https:\/\/setap.az\/index.php?rest_route=\/wp\/v2\/product\/3111","targetHints":{"allow":["GET"]}}],"collection":[{"href":"https:\/\/setap.az\/index.php?rest_route=\/wp\/v2\/product"}],"about":[{"href":"https:\/\/setap.az\/index.php?rest_route=\/wp\/v2\/types\/product"}],"replies":[{"embeddable":true,"href":"https:\/\/setap.az\/index.php?rest_route=%2Fwp%2Fv2%2Fcomments&post=3111"}],"wp:featuredmedia":[{"embeddable":true,"href":"https:\/\/setap.az\/index.php?rest_route=\/wp\/v2\/media\/3112"}],"wp:attachment":[{"href":"https:\/\/setap.az\/index.php?rest_route=%2Fwp%2Fv2%2Fmedia&parent=3111"}],"wp:term":[{"taxonomy":"product_cat","embeddable":true,"href":"https:\/\/setap.az\/index.php?rest_route=%2Fwp%2Fv2%2Fproduct_cat&post=3111"},{"taxonomy":"product_tag","embeddable":true,"href":"https:\/\/setap.az\/index.php?rest_route=%2Fwp%2Fv2%2Fproduct_tag&post=3111"}],"curies":[{"name":"wp","href":"https:\/\/api.w.org\/{rel}","templated":true}]}}