{"id":3113,"date":"2025-05-08T11:56:13","date_gmt":"2025-05-08T07:56:13","guid":{"rendered":"https:\/\/setap.az\/?post_type=product&#038;p=3113"},"modified":"2025-10-21T15:07:22","modified_gmt":"2025-10-21T11:07:22","slug":"kamera-tq1-gunes-paneli-il%c9%99","status":"publish","type":"product","link":"https:\/\/setap.az\/?product=kamera-tq1-gunes-paneli-il%c9%99","title":{"rendered":"TQ1 Kamera G\u00fcn\u0259\u015f paneli il\u0259"},"content":{"rendered":"<p>TQ1 Kamera G\u00fcn\u0259\u015f paneli il\u0259<br \/>\n*Telefonla idar\u0259olunma<br \/>\n*\u0130kit\u0259r\u0259fli S\u0259s \u00f6t\u00fcrm\u0259<br \/>\n*G\u00fcnd\u00fcz\/Gec\u0259 rejimi<br \/>\n*A\u011f\u0131ll\u0131 Siqnalizasiya i\u015f\u0131\u011f\u0131<br \/>\n*Cloud Yadda\u015f<br \/>\n*32-128 GB q\u0259d\u0259r SD kart Yadda\u015f\u0131 d\u0259st\u0259kl\u0259yir<br \/>\n*A\u011f\u0131ll\u0131 insan izl\u0259m\u0259 sensoru<br \/>\n*\u00c7\u0259tin Hava \u015f\u0259raitin\u0259 davaml\u0131<br \/>\n*G\u00fcn\u0259\u015f enerjisi il\u0259 i\u015fl\u0259m\u0259k<br \/>\nHe\u00e7 bir kabel \u00e7\u0259km\u0259d\u0259n, ist\u0259diyiniz yerd\u0259n, 4 \u0259d\u0259d bolt il\u0259 ba\u011flay\u0131n v\u0259 istifad\u0259 edin.<br \/>\nQura\u015fd\u0131rma asan.<br \/>\n\u0130stifad\u0259si lap asan. 1080P \u00e7\u0259kili\u015f.<br \/>\nGec\u0259 r\u0259ngli, horizontal bucaq 3, 6mm, telefona bildiri\u015f g\u00f6nd\u0259rir, i\u015f\u0131qlar s\u00f6nd\u00fc yand\u0131 f\u0259rq etmir, daim \u00e7\u0259kir, adam izl\u0259m\u0259 v\u0259 s.<\/p>\n","protected":false},"excerpt":{"rendered":"<p>*Telefonla idar\u0259olunma<br \/>\n*\u0130kit\u0259r\u0259fli S\u0259s \u00f6t\u00fcrm\u0259<br \/>\n*G\u00fcnd\u00fcz\/Gec\u0259 rejimi<br \/>\n*A\u011f\u0131ll\u0131 Siqnalizasiya i\u015f\u0131\u011f\u0131<br \/>\n*Cloud Yadda\u015f<br \/>\n*32-128 GB q\u0259d\u0259r SD kart Yadda\u015f\u0131 d\u0259st\u0259kl\u0259yir<br \/>\n*A\u011f\u0131ll\u0131 insan izl\u0259m\u0259 sensoru<br \/>\n*\u00c7\u0259tin Hava \u015f\u0259raitin\u0259 davaml\u0131<br \/>\n*G\u00fcn\u0259\u015f enerjisi il\u0259 i\u015fl\u0259m\u0259k<\/p>\n","protected":false},"featured_media":3114,"comment_status":"open","ping_status":"closed","template":"","meta":[],"product_cat":[2841,2862],"product_tag":[3257,3053,3132,3256,3255,3251,3254,3252,3253,3034,3250,2929],"class_list":{"0":"post-3113","1":"product","2":"type-product","3":"status-publish","4":"has-post-thumbnail","6":"product_cat-videonzart","7":"product_cat-wifi-kameralar","8":"product_tag-agillievtexnologiyasi","9":"product_tag-agillikamera","10":"product_tag-cctv","11":"product_tag-enerjiqnatlikamera","12":"product_tag-gecgoruslukamera","13":"product_tag-gunspanelikamera","14":"product_tag-kablosuzkamera","15":"product_tag-solarcamer","16":"product_tag-solarenerjilikamera","17":"product_tag-thluksizliksistemi","18":"product_tag-tq1kamera","19":"product_tag-wifikamera","20":"description-off","22":"first","23":"instock","24":"shipping-taxable","25":"purchasable","26":"product-type-simple"},"_links":{"self":[{"href":"https:\/\/setap.az\/index.php?rest_route=\/wp\/v2\/product\/3113","targetHints":{"allow":["GET"]}}],"collection":[{"href":"https:\/\/setap.az\/index.php?rest_route=\/wp\/v2\/product"}],"about":[{"href":"https:\/\/setap.az\/index.php?rest_route=\/wp\/v2\/types\/product"}],"replies":[{"embeddable":true,"href":"https:\/\/setap.az\/index.php?rest_route=%2Fwp%2Fv2%2Fcomments&post=3113"}],"wp:featuredmedia":[{"embeddable":true,"href":"https:\/\/setap.az\/index.php?rest_route=\/wp\/v2\/media\/3114"}],"wp:attachment":[{"href":"https:\/\/setap.az\/index.php?rest_route=%2Fwp%2Fv2%2Fmedia&parent=3113"}],"wp:term":[{"taxonomy":"product_cat","embeddable":true,"href":"https:\/\/setap.az\/index.php?rest_route=%2Fwp%2Fv2%2Fproduct_cat&post=3113"},{"taxonomy":"product_tag","embeddable":true,"href":"https:\/\/setap.az\/index.php?rest_route=%2Fwp%2Fv2%2Fproduct_tag&post=3113"}],"curies":[{"name":"wp","href":"https:\/\/api.w.org\/{rel}","templated":true}]}}