{"id":3125,"date":"2025-05-08T12:31:05","date_gmt":"2025-05-08T08:31:05","guid":{"rendered":"https:\/\/setap.az\/?post_type=product&#038;p=3125"},"modified":"2025-06-21T13:41:44","modified_gmt":"2025-06-21T09:41:44","slug":"12v-1a-adapter","status":"publish","type":"product","link":"https:\/\/setap.az\/?product=12v-1a-adapter","title":{"rendered":"12V 1A Adapter"},"content":{"rendered":"<p>12V 1A adapter, 220V AC \u015f\u0259b\u0259k\u0259 g\u0259rginliyini 12 volt sabit DC g\u0259rginliy\u0259 \u00e7evir\u0259n v\u0259 maksimum 1 amper c\u0259r\u0259yan ver\u0259 bil\u0259n enerji m\u0259nb\u0259yidir. \u00c7\u0131x\u0131\u015f g\u00fcc\u00fc 12W t\u0259\u015fkil edir. Bu tip adapterl\u0259r az enerji t\u0259l\u0259b ed\u0259n cihazlar \u00fc\u00e7\u00fcn ideald\u0131r.<br \/>\n\u2699\ufe0fTexniki X\u00fcsusiyy\u0259tl\u0259r:<br \/>\nGiri\u015f g\u0259rginliyi: 100\u2013240V AC, 50\/60Hz<br \/>\n\u00c7\u0131x\u0131\u015f g\u0259rginliyi: 12V DC<br \/>\n\u00c7\u0131x\u0131\u015f c\u0259r\u0259yan\u0131: 1 Amper<br \/>\nG\u00fcc\u00fc: 12W<br \/>\nQoruma funksiyalar\u0131:<br \/>\nQ\u0131saqapanmadan qoruma<br \/>\nA\u015f\u0131r\u0131 c\u0259r\u0259yan v\u0259 g\u0259rginlik qorumas\u0131<br \/>\n\u0130stilikd\u0259n qoruma<br \/>\n\u0130stifad\u0259 Sah\u0259l\u0259ri:<br \/>\nModem v\u0259 routerl\u0259r<br \/>\n1 \u0259d\u0259d CCTV kamera<br \/>\nLED lentl\u0259r (q\u0131sa \u00f6l\u00e7\u00fcl\u00fc)<\/p>\n","protected":false},"excerpt":{"rendered":"<p>Adapter, alternativ c\u0259r\u0259yan\u0131 az miqdarda birba\u015fa c\u0259r\u0259yana \u00e7evir\u0259n elektron cihazd\u0131r.<\/p>\n","protected":false},"featured_media":3126,"comment_status":"open","ping_status":"closed","template":"","meta":[],"product_cat":[2842],"product_tag":[3248,3243,3230,3173,3221,3244,3249,3170,3245],"class_list":{"0":"post-3125","1":"product","2":"type-product","3":"status-publish","4":"has-post-thumbnail","6":"product_cat-adapterlr","7":"product_tag-12v1a","8":"product_tag-12volt","9":"product_tag-cctvadapter","10":"product_tag-dcadapter","11":"product_tag-elektronikaqida","12":"product_tag-ledadapter","13":"product_tag-poweradapter","14":"product_tag-qidabloku","15":"product_tag-routeradapteri","16":"description-off","18":"first","19":"instock","20":"shipping-taxable","21":"purchasable","22":"product-type-simple"},"_links":{"self":[{"href":"https:\/\/setap.az\/index.php?rest_route=\/wp\/v2\/product\/3125","targetHints":{"allow":["GET"]}}],"collection":[{"href":"https:\/\/setap.az\/index.php?rest_route=\/wp\/v2\/product"}],"about":[{"href":"https:\/\/setap.az\/index.php?rest_route=\/wp\/v2\/types\/product"}],"replies":[{"embeddable":true,"href":"https:\/\/setap.az\/index.php?rest_route=%2Fwp%2Fv2%2Fcomments&post=3125"}],"wp:featuredmedia":[{"embeddable":true,"href":"https:\/\/setap.az\/index.php?rest_route=\/wp\/v2\/media\/3126"}],"wp:attachment":[{"href":"https:\/\/setap.az\/index.php?rest_route=%2Fwp%2Fv2%2Fmedia&parent=3125"}],"wp:term":[{"taxonomy":"product_cat","embeddable":true,"href":"https:\/\/setap.az\/index.php?rest_route=%2Fwp%2Fv2%2Fproduct_cat&post=3125"},{"taxonomy":"product_tag","embeddable":true,"href":"https:\/\/setap.az\/index.php?rest_route=%2Fwp%2Fv2%2Fproduct_tag&post=3125"}],"curies":[{"name":"wp","href":"https:\/\/api.w.org\/{rel}","templated":true}]}}