{"id":3127,"date":"2025-05-08T12:31:54","date_gmt":"2025-05-08T08:31:54","guid":{"rendered":"https:\/\/setap.az\/?post_type=product&#038;p=3127"},"modified":"2026-01-06T13:57:07","modified_gmt":"2026-01-06T09:57:07","slug":"12v-2a-adapter","status":"publish","type":"product","link":"https:\/\/setap.az\/?product=12v-2a-adapter","title":{"rendered":"12V 2A Adapter"},"content":{"rendered":"<p>12V 2A adapter, 220V AC \u015f\u0259b\u0259k\u0259 g\u0259rginliyini 12 volt sabit DC g\u0259rginliy\u0259 \u00e7evir\u0259n v\u0259 maksimum 2 amper c\u0259r\u0259yan ver\u0259 bil\u0259n enerji t\u0259chizat\u0131 cihaz\u0131d\u0131r. \u00c7\u0131x\u0131\u015f g\u00fcc\u00fc 24 watt t\u0259\u015fkil edir. Bu adapterl\u0259r a\u015fa\u011f\u0131 v\u0259 orta s\u0259viyy\u0259li elektron cihazlar \u00fc\u00e7\u00fcn geni\u015f istifad\u0259 olunur.<br \/>\n\u2699\ufe0fTexniki X\u00fcsusiyy\u0259tl\u0259r:<br \/>\nGiri\u015f g\u0259rginliyi: 100\u2013240V AC, 50\/60Hz<br \/>\n\u00c7\u0131x\u0131\u015f g\u0259rginliyi: 12V DC<br \/>\n\u00c7\u0131x\u0131\u015f c\u0259r\u0259yan\u0131: 2 Amper<br \/>\n\u00c7\u0131x\u0131\u015f g\u00fcc\u00fc: 24W<br \/>\nQoruma funksiyalar\u0131:<br \/>\nQ\u0131saqapanmadan qoruma<br \/>\nA\u015f\u0131r\u0131 y\u00fckl\u0259nm\u0259d\u0259n qoruma<br \/>\nH\u0259ddind\u0259n art\u0131q g\u0259rginlik v\u0259 istilikd\u0259n qoruma<br \/>\n\u0130stifad\u0259 Sah\u0259l\u0259ri:<br \/>\nCCTV kameralar v\u0259 DVR cihazlar\u0131<br \/>\nLED lent v\u0259 i\u015f\u0131q modullar\u0131<br \/>\nRouter v\u0259 modem kimi \u015f\u0259b\u0259k\u0259 avadanl\u0131qlar\u0131<\/p>\n","protected":false},"excerpt":{"rendered":"<p>Adapter, alternativ c\u0259r\u0259yan\u0131 az miqdarda birba\u015fa c\u0259r\u0259yana \u00e7evir\u0259n elektron cihazd\u0131r.<\/p>\n","protected":false},"featured_media":3128,"comment_status":"open","ping_status":"closed","template":"","meta":[],"product_cat":[2842],"product_tag":[3246,3247,3171],"class_list":{"0":"post-3127","1":"product","2":"type-product","3":"status-publish","4":"has-post-thumbnail","6":"product_cat-adapterlr","7":"product_tag-12v2a-dcadapter-qidabloku-powersupply-ledadapter-elektronikaqida-arduinopower-routeradapter","8":"product_tag-12voltadapter","9":"product_tag-cctvqida","10":"description-off","12":"first","13":"instock","14":"shipping-taxable","15":"purchasable","16":"product-type-simple"},"_links":{"self":[{"href":"https:\/\/setap.az\/index.php?rest_route=\/wp\/v2\/product\/3127","targetHints":{"allow":["GET"]}}],"collection":[{"href":"https:\/\/setap.az\/index.php?rest_route=\/wp\/v2\/product"}],"about":[{"href":"https:\/\/setap.az\/index.php?rest_route=\/wp\/v2\/types\/product"}],"replies":[{"embeddable":true,"href":"https:\/\/setap.az\/index.php?rest_route=%2Fwp%2Fv2%2Fcomments&post=3127"}],"wp:featuredmedia":[{"embeddable":true,"href":"https:\/\/setap.az\/index.php?rest_route=\/wp\/v2\/media\/3128"}],"wp:attachment":[{"href":"https:\/\/setap.az\/index.php?rest_route=%2Fwp%2Fv2%2Fmedia&parent=3127"}],"wp:term":[{"taxonomy":"product_cat","embeddable":true,"href":"https:\/\/setap.az\/index.php?rest_route=%2Fwp%2Fv2%2Fproduct_cat&post=3127"},{"taxonomy":"product_tag","embeddable":true,"href":"https:\/\/setap.az\/index.php?rest_route=%2Fwp%2Fv2%2Fproduct_tag&post=3127"}],"curies":[{"name":"wp","href":"https:\/\/api.w.org\/{rel}","templated":true}]}}