{"id":3131,"date":"2025-05-08T12:35:09","date_gmt":"2025-05-08T08:35:09","guid":{"rendered":"https:\/\/setap.az\/?post_type=product&#038;p=3131"},"modified":"2025-06-21T13:39:51","modified_gmt":"2025-06-21T09:39:51","slug":"5v-2a-adapter","status":"publish","type":"product","link":"https:\/\/setap.az\/?product=5v-2a-adapter","title":{"rendered":"5V 2A Adapter"},"content":{"rendered":"<p>5V 2A adapter, 220V AC \u015f\u0259b\u0259k\u0259 g\u0259rginliyini 5 volt DC sabit c\u0259r\u0259yana \u00e7evir\u0259n v\u0259 maksimum 2 amper \u00e7\u0131x\u0131\u015f g\u00fcc\u00fc t\u0259min ed\u0259n enerji t\u0259chizat\u0131 cihaz\u0131d\u0131r. Bu adapterl\u0259r \u0259sas\u0259n mobil cihazlar, USB enerji il\u0259 i\u015fl\u0259y\u0259n qur\u011fular, mikrokontrollerl\u0259r  \u00fc\u00e7\u00fcn istifad\u0259 olunur.<br \/>\n\u2699\ufe0f Texniki X\u00fcsusiyy\u0259tl\u0259r:<br \/>\nGiri\u015f g\u0259rginliyi: 100\u2013240V AC, 50\/60Hz<br \/>\n\u00c7\u0131x\u0131\u015f g\u0259rginliyi: 5V DC<br \/>\n\u00c7\u0131x\u0131\u015f c\u0259r\u0259yan\u0131: 2A<br \/>\nG\u00fcc\u00fc: 10W<br \/>\nQoruma funksiyalar\u0131:<br \/>\nQ\u0131saqapanma<br \/>\nA\u015f\u0131r\u0131 c\u0259r\u0259yan<br \/>\nA\u015f\u0131r\u0131 istilik<br \/>\n\u0130stifad\u0259 Sah\u0259l\u0259ri:<br \/>\nMobil telefonlar v\u0259 plan\u015fetl\u0259r<br \/>\nIP kameralar v\u0259 b\u0259zi CCTV sisteml\u0259ri<br \/>\nUSB LED lampalar<br \/>\nUSB il\u0259 i\u015fl\u0259y\u0259n oyun aksesuarlar\u0131<\/p>\n","protected":false},"excerpt":{"rendered":"<p>Adapter, alternativ c\u0259r\u0259yan\u0131 az miqdarda birba\u015fa c\u0259r\u0259yana \u00e7evir\u0259n elektron cihazd\u0131r.<\/p>\n","protected":false},"featured_media":3132,"comment_status":"open","ping_status":"closed","template":"","meta":[],"product_cat":[2842],"product_tag":[3234,3239,3240,3173,3241,3238,3170,3237,3236,3235],"class_list":{"0":"post-3131","1":"product","2":"type-product","3":"status-publish","4":"has-post-thumbnail","6":"product_cat-adapterlr","7":"product_tag-5v2a","8":"product_tag-5voltadapter","9":"product_tag-arduinoadapter","10":"product_tag-dcadapter","11":"product_tag-elektronikaenerji","12":"product_tag-enerjibloku","13":"product_tag-qidabloku","14":"product_tag-raspberrypipower","15":"product_tag-telefonadapteri","16":"product_tag-usbadapter","17":"description-off","19":"first","20":"instock","21":"shipping-taxable","22":"purchasable","23":"product-type-simple"},"_links":{"self":[{"href":"https:\/\/setap.az\/index.php?rest_route=\/wp\/v2\/product\/3131","targetHints":{"allow":["GET"]}}],"collection":[{"href":"https:\/\/setap.az\/index.php?rest_route=\/wp\/v2\/product"}],"about":[{"href":"https:\/\/setap.az\/index.php?rest_route=\/wp\/v2\/types\/product"}],"replies":[{"embeddable":true,"href":"https:\/\/setap.az\/index.php?rest_route=%2Fwp%2Fv2%2Fcomments&post=3131"}],"wp:featuredmedia":[{"embeddable":true,"href":"https:\/\/setap.az\/index.php?rest_route=\/wp\/v2\/media\/3132"}],"wp:attachment":[{"href":"https:\/\/setap.az\/index.php?rest_route=%2Fwp%2Fv2%2Fmedia&parent=3131"}],"wp:term":[{"taxonomy":"product_cat","embeddable":true,"href":"https:\/\/setap.az\/index.php?rest_route=%2Fwp%2Fv2%2Fproduct_cat&post=3131"},{"taxonomy":"product_tag","embeddable":true,"href":"https:\/\/setap.az\/index.php?rest_route=%2Fwp%2Fv2%2Fproduct_tag&post=3131"}],"curies":[{"name":"wp","href":"https:\/\/api.w.org\/{rel}","templated":true}]}}