{"id":3133,"date":"2025-05-08T12:36:45","date_gmt":"2025-05-08T08:36:45","guid":{"rendered":"https:\/\/setap.az\/?post_type=product&#038;p=3133"},"modified":"2025-07-08T15:50:16","modified_gmt":"2025-07-08T11:50:16","slug":"12v-5a-adapter","status":"publish","type":"product","link":"https:\/\/setap.az\/?product=12v-5a-adapter","title":{"rendered":"12V 5A Adapter"},"content":{"rendered":"<p>12V 5A sad\u0259 adapter<br \/>\n\u2699\ufe0f \u018fsas X\u00fcsusiyy\u0259tl\u0259r:<br \/>\nGiri\u015f g\u0259rginliyi: 100\u2013240V AC (universal giri\u015f)<br \/>\n\u00c7\u0131x\u0131\u015f g\u0259rginliyi: 12V DC<br \/>\n\u00c7\u0131x\u0131\u015f c\u0259r\u0259yan\u0131: 5 Amper<br \/>\nG\u00fcc\u00fc: 60W (12V \u00d7 5A)<br \/>\nBa\u011flant\u0131 n\u00f6v\u00fc: DC plug (5.5mm x 2.1mm v\u0259 ya 2.5mm)<br \/>\nKorpus: Plastik, izolyasiyal\u0131 v\u0259 qapal\u0131<br \/>\nQoruma sisteml\u0259ri:<br \/>\nQ\u0131saqapanmaya qar\u015f\u0131 qoruma<br \/>\nA\u015f\u0131r\u0131 c\u0259r\u0259yan v\u0259 a\u015f\u0131r\u0131 g\u0259rginlik qorumas\u0131<br \/>\n\u0130stilikd\u0259n qorunma<br \/>\n\u0130stifad\u0259 Sah\u0259l\u0259ri:<br \/>\nCCTV t\u0259hl\u00fck\u0259sizlik kameralar\u0131 (2-3 kameraya q\u0259d\u0259r)<br \/>\nLED lentl\u0259r v\u0259 lampalar<br \/>\nRouter v\u0259 \u015f\u0259b\u0259k\u0259 cihazlar\u0131<br \/>\nElektronika layih\u0259l\u0259ri (Arduino, Raspberry Pi v\u0259 s.)<br \/>\nKi\u00e7ik DC motorlar v\u0259 12V il\u0259 i\u015fl\u0259y\u0259n cihazlar<br \/>\n\u00dcst\u00fcnl\u00fckl\u0259ri:<br \/>\nPlug &#038; play \u2013 istifad\u0259y\u0259 tam haz\u0131rd\u0131r<br \/>\nSabit v\u0259 t\u0259hl\u00fck\u0259siz enerji \u00e7\u0131x\u0131\u015f\u0131<br \/>\nY\u00fcng\u00fcl v\u0259 portativ dizayn<br \/>\nA\u015fa\u011f\u0131 enerji s\u0259rfiyyat\u0131<\/p>\n","protected":false},"excerpt":{"rendered":"<p>Adapter, alternativ c\u0259r\u0259yan\u0131 az miqdarda birba\u015fa c\u0259r\u0259yana \u00e7evir\u0259n elektron cihazd\u0131r.<\/p>\n","protected":false},"featured_media":3134,"comment_status":"open","ping_status":"closed","template":"","meta":[],"product_cat":[2842,2829,2824],"product_tag":[3233,3167,3218,3230,3180,3173,3176,3215,3232,3170,3231,3226],"class_list":{"0":"post-3133","1":"product","2":"type-product","3":"status-publish","4":"has-post-thumbnail","6":"product_cat-adapterlr","7":"product_cat-guc-adapterlri","8":"product_cat-noutbuklar-v-aksesuarlar","9":"product_tag-12v5a","10":"product_tag-12vadapter","11":"product_tag-arduinoenerji","12":"product_tag-cctvadapter","13":"product_tag-dc12v","14":"product_tag-dcadapter","15":"product_tag-elektronika","16":"product_tag-ledqida","17":"product_tag-powersuppl","18":"product_tag-qidabloku","19":"product_tag-routerqida","20":"product_tag-sadadapter","21":"description-off","23":"first","24":"instock","25":"shipping-taxable","26":"purchasable","27":"product-type-simple"},"_links":{"self":[{"href":"https:\/\/setap.az\/index.php?rest_route=\/wp\/v2\/product\/3133","targetHints":{"allow":["GET"]}}],"collection":[{"href":"https:\/\/setap.az\/index.php?rest_route=\/wp\/v2\/product"}],"about":[{"href":"https:\/\/setap.az\/index.php?rest_route=\/wp\/v2\/types\/product"}],"replies":[{"embeddable":true,"href":"https:\/\/setap.az\/index.php?rest_route=%2Fwp%2Fv2%2Fcomments&post=3133"}],"wp:featuredmedia":[{"embeddable":true,"href":"https:\/\/setap.az\/index.php?rest_route=\/wp\/v2\/media\/3134"}],"wp:attachment":[{"href":"https:\/\/setap.az\/index.php?rest_route=%2Fwp%2Fv2%2Fmedia&parent=3133"}],"wp:term":[{"taxonomy":"product_cat","embeddable":true,"href":"https:\/\/setap.az\/index.php?rest_route=%2Fwp%2Fv2%2Fproduct_cat&post=3133"},{"taxonomy":"product_tag","embeddable":true,"href":"https:\/\/setap.az\/index.php?rest_route=%2Fwp%2Fv2%2Fproduct_tag&post=3133"}],"curies":[{"name":"wp","href":"https:\/\/api.w.org\/{rel}","templated":true}]}}