{"id":3135,"date":"2025-05-08T12:41:00","date_gmt":"2025-05-08T08:41:00","guid":{"rendered":"https:\/\/setap.az\/?post_type=product&#038;p=3135"},"modified":"2025-07-08T15:48:58","modified_gmt":"2025-07-08T11:48:58","slug":"12v-10a","status":"publish","type":"product","link":"https:\/\/setap.az\/?product=12v-10a","title":{"rendered":"12V 10A Adapter"},"content":{"rendered":"<p>\ud83d\udd0c12V 10A Sad\u0259 Adapter \u2013 Texniki X\u00fcsusiyy\u0259tl\u0259r:<br \/>\nGiri\u015f g\u0259rginliyi: 100\u2013240V AC, 50\/60Hz<\/p>\n<p>\u00c7\u0131x\u0131\u015f g\u0259rginliyi: 12V DC<\/p>\n<p>\u00c7\u0131x\u0131\u015f c\u0259r\u0259yan\u0131: 10 Amper<\/p>\n<p>\u00c7\u0131x\u0131\u015f g\u00fcc\u00fc: 120W<\/p>\n<p>DC konnektor \u00f6l\u00e7\u00fcs\u00fc: 5.5mm x 2.5mm v\u0259 ya 5.5mm x 2.1mm<\/p>\n<p>Korpus: Plastik, qapal\u0131 v\u0259 izolyasiyal\u0131<\/p>\n<p>Qoruma funksiyalar\u0131: Q\u0131saqapanma, a\u015f\u0131r\u0131 c\u0259r\u0259yan, g\u0259rginlik v\u0259 istilikd\u0259n qoruma<\/p>\n","protected":false},"excerpt":{"rendered":"<p>Adapter, alternativ c\u0259r\u0259yan\u0131 az miqdarda birba\u015fa c\u0259r\u0259yana \u00e7evir\u0259n elektron cihazd\u0131r.<\/p>\n","protected":false},"featured_media":3134,"comment_status":"open","ping_status":"closed","template":"","meta":[],"product_cat":[2842,2829,2824],"product_tag":[3220,3183,3167,3171,3180,3173,3228,3227,3215,3229,3175,3170,3226],"class_list":{"0":"post-3135","1":"product","2":"type-product","3":"status-publish","4":"has-post-thumbnail","6":"product_cat-adapterlr","7":"product_cat-guc-adapterlri","8":"product_cat-noutbuklar-v-aksesuarlar","9":"product_tag-10aadapter","10":"product_tag-120wadapter","11":"product_tag-12vadapter","12":"product_tag-cctvqida","13":"product_tag-dc12v","14":"product_tag-dcadapter","15":"product_tag-diyenerji","16":"product_tag-elektronikatchizati","17":"product_tag-ledqida","18":"product_tag-plugandplay","19":"product_tag-powersupply","20":"product_tag-qidabloku","21":"product_tag-sadadapter","22":"description-off","24":"first","25":"instock","26":"shipping-taxable","27":"purchasable","28":"product-type-simple"},"_links":{"self":[{"href":"https:\/\/setap.az\/index.php?rest_route=\/wp\/v2\/product\/3135","targetHints":{"allow":["GET"]}}],"collection":[{"href":"https:\/\/setap.az\/index.php?rest_route=\/wp\/v2\/product"}],"about":[{"href":"https:\/\/setap.az\/index.php?rest_route=\/wp\/v2\/types\/product"}],"replies":[{"embeddable":true,"href":"https:\/\/setap.az\/index.php?rest_route=%2Fwp%2Fv2%2Fcomments&post=3135"}],"wp:featuredmedia":[{"embeddable":true,"href":"https:\/\/setap.az\/index.php?rest_route=\/wp\/v2\/media\/3134"}],"wp:attachment":[{"href":"https:\/\/setap.az\/index.php?rest_route=%2Fwp%2Fv2%2Fmedia&parent=3135"}],"wp:term":[{"taxonomy":"product_cat","embeddable":true,"href":"https:\/\/setap.az\/index.php?rest_route=%2Fwp%2Fv2%2Fproduct_cat&post=3135"},{"taxonomy":"product_tag","embeddable":true,"href":"https:\/\/setap.az\/index.php?rest_route=%2Fwp%2Fv2%2Fproduct_tag&post=3135"}],"curies":[{"name":"wp","href":"https:\/\/api.w.org\/{rel}","templated":true}]}}