{"id":3138,"date":"2025-05-08T12:57:50","date_gmt":"2025-05-08T08:57:50","guid":{"rendered":"https:\/\/setap.az\/?post_type=product&#038;p=3138"},"modified":"2025-05-08T10:22:07","modified_gmt":"2025-05-08T06:22:07","slug":"12v-10a-setka-adapter","status":"publish","type":"product","link":"https:\/\/setap.az\/?product=12v-10a-setka-adapter","title":{"rendered":"12V 10A Setka Adapter"},"content":{"rendered":"<p> 12V 10A Setka Adapter<br \/>\n\u2699\ufe0f Texniki X\u00fcsusiyy\u0259tl\u0259r:<br \/>\nGiri\u015f g\u0259rginliyi: 100\u2013240V AC<br \/>\n\u00c7\u0131x\u0131\u015f g\u0259rginliyi: 12V DC<br \/>\n\u00c7\u0131x\u0131\u015f c\u0259r\u0259yan\u0131: 10 Amper<br \/>\n\u00c7\u0131x\u0131\u015f g\u00fcc\u00fc: 120W (12V \u00d7 10A)<br \/>\nKorpus: Perforasiyal\u0131 metal (passiv soyutma \u00fc\u00e7\u00fcn)<br \/>\n\u2714Qoruma funksiyalar\u0131:<br \/>\nQ\u0131saqapanmadan qoruma<br \/>\nA\u015f\u0131r\u0131 y\u00fckl\u0259nm\u0259 qorumas\u0131<br \/>\nG\u0259rginlik d\u0259yi\u015fm\u0259sin\u0259 qar\u015f\u0131 stabilizasiya<br \/>\n\u2714\u0130stifad\u0259 Sah\u0259l\u0259ri:<br \/>\nCCTV m\u00fc\u015fahid\u0259 sisteml\u0259ri (4\u20138 kamera \u00fc\u00e7\u00fcn uy\u011fundur)<br \/>\nLED lent, LED i\u015f\u0131qland\u0131rma sisteml\u0259ri<br \/>\nElektronika layih\u0259l\u0259ri<br \/>\n\ud83d\udda8\ufe0f 3D printer v\u0259 CNC modullar\u0131<br \/>\n\ud83d\udd0c DC motor v\u0259 ventilator sisteml\u0259ri<br \/>\n\u2714\u00dcst\u00fcnl\u00fckl\u0259ri:<br \/>\nOrta g\u00fccd\u0259 sisteml\u0259r \u00fc\u00e7\u00fcn ideal enerji m\u0259nb\u0259yi<br \/>\nStabil \u00e7\u0131x\u0131\u015f g\u0259rginliyi v\u0259 etibarl\u0131l\u0131q<br \/>\nT\u0259hl\u00fck\u0259sizlik qoruma sisteml\u0259ri il\u0259 t\u0259chiz olunmu\u015fdur<br \/>\nS\u0259liq\u0259li v\u0259 sabit enerji \u00f6t\u00fcr\u00fclm\u0259si<\/p>\n","protected":false},"excerpt":{"rendered":"<p>Adapter, alternativ c\u0259r\u0259yan\u0131 az miqdarda birba\u015fa c\u0259r\u0259yana \u00e7evir\u0259n elektron cihazd\u0131r.<\/p>\n","protected":false},"featured_media":3137,"comment_status":"open","ping_status":"closed","template":"","meta":[],"product_cat":[2842,2841],"product_tag":[3220,3183,3167,3171,3165,3180,3221,3222,3215,3175,3170,3169,3201],"class_list":{"0":"post-3138","1":"product","2":"type-product","3":"status-publish","4":"has-post-thumbnail","6":"product_cat-adapterlr","7":"product_cat-videonzart","8":"product_tag-10aadapter","9":"product_tag-120wadapter","10":"product_tag-12vadapter","11":"product_tag-cctvqida","12":"product_tag-cctvsystem","13":"product_tag-dc12v","14":"product_tag-elektronikaqida","15":"product_tag-ledlayihlri","16":"product_tag-ledqida","17":"product_tag-powersupply","18":"product_tag-qidabloku","19":"product_tag-setkaadapter","20":"product_tag-texnikihllr","21":"description-off","23":"first","24":"instock","25":"shipping-taxable","26":"purchasable","27":"product-type-simple"},"_links":{"self":[{"href":"https:\/\/setap.az\/index.php?rest_route=\/wp\/v2\/product\/3138","targetHints":{"allow":["GET"]}}],"collection":[{"href":"https:\/\/setap.az\/index.php?rest_route=\/wp\/v2\/product"}],"about":[{"href":"https:\/\/setap.az\/index.php?rest_route=\/wp\/v2\/types\/product"}],"replies":[{"embeddable":true,"href":"https:\/\/setap.az\/index.php?rest_route=%2Fwp%2Fv2%2Fcomments&post=3138"}],"wp:featuredmedia":[{"embeddable":true,"href":"https:\/\/setap.az\/index.php?rest_route=\/wp\/v2\/media\/3137"}],"wp:attachment":[{"href":"https:\/\/setap.az\/index.php?rest_route=%2Fwp%2Fv2%2Fmedia&parent=3138"}],"wp:term":[{"taxonomy":"product_cat","embeddable":true,"href":"https:\/\/setap.az\/index.php?rest_route=%2Fwp%2Fv2%2Fproduct_cat&post=3138"},{"taxonomy":"product_tag","embeddable":true,"href":"https:\/\/setap.az\/index.php?rest_route=%2Fwp%2Fv2%2Fproduct_tag&post=3138"}],"curies":[{"name":"wp","href":"https:\/\/api.w.org\/{rel}","templated":true}]}}