{"id":3140,"date":"2025-05-07T13:04:29","date_gmt":"2025-05-07T09:04:29","guid":{"rendered":"https:\/\/setap.az\/?post_type=product&#038;p=3140"},"modified":"2025-05-07T16:52:54","modified_gmt":"2025-05-07T12:52:54","slug":"12v-20a-setka-adapter","status":"publish","type":"product","link":"https:\/\/setap.az\/?product=12v-20a-setka-adapter","title":{"rendered":"12V 20A Setka Adapter"},"content":{"rendered":"<p>12V 20A Setka Adapter, 220V AC \u015f\u0259b\u0259k\u0259 g\u0259rginliyini 12V DC sabit \u00e7\u0131x\u0131\u015fa \u00e7evir\u0259n v\u0259 20 amper g\u00fcc\u00fcnd\u0259 c\u0259r\u0259yan ver\u0259n bir enerji t\u0259chizat\u0131 cihaz\u0131d\u0131r.<br \/>\nTexniki X\u00fcsusiyy\u0259tl\u0259r:<br \/>\nGiri\u015f g\u0259rginliyi: 110V\u2013240V AC<br \/>\n\u00c7\u0131x\u0131\u015f g\u0259rginliyi: 12V DC<br \/>\n\u00c7\u0131x\u0131\u015f c\u0259r\u0259yan\u0131: 20 Amper<br \/>\nG\u00fcc: 240W (12V \u00d7 20A)<br \/>\nKorpus: Perforasiyal\u0131 metal (soyutma \u00fc\u00e7\u00fcn)<\/p>\n","protected":false},"excerpt":{"rendered":"<p>Adapter, alternativ c\u0259r\u0259yan\u0131 az miqdarda birba\u015fa c\u0259r\u0259yana \u00e7evir\u0259n elektron cihazd\u0131r.<\/p>\n","protected":false},"featured_media":3141,"comment_status":"open","ping_status":"closed","template":"","meta":[],"product_cat":[2842,2841],"product_tag":[3167,3214,3216,3218,3171,3180,3212,3176,3178,3217,3179,3215,3175,3170,3169,3177],"class_list":{"0":"post-3140","1":"product","2":"type-product","3":"status-publish","4":"has-post-thumbnail","6":"product_cat-adapterlr","7":"product_cat-videonzart","8":"product_tag-12vadapter","9":"product_tag-20aadapter","10":"product_tag-240wadapter","11":"product_tag-arduinoenerji","12":"product_tag-cctvqida","13":"product_tag-dc12v","14":"product_tag-diypower","15":"product_tag-elektronika","16":"product_tag-gucluadapter","17":"product_tag-kameraqida","18":"product_tag-ledisiqlandirma","19":"product_tag-ledqida","20":"product_tag-powersupply","21":"product_tag-qidabloku","22":"product_tag-setkaadapter","23":"product_tag-texnikitchizat","24":"description-off","26":"first","27":"instock","28":"shipping-taxable","29":"purchasable","30":"product-type-simple"},"_links":{"self":[{"href":"https:\/\/setap.az\/index.php?rest_route=\/wp\/v2\/product\/3140","targetHints":{"allow":["GET"]}}],"collection":[{"href":"https:\/\/setap.az\/index.php?rest_route=\/wp\/v2\/product"}],"about":[{"href":"https:\/\/setap.az\/index.php?rest_route=\/wp\/v2\/types\/product"}],"replies":[{"embeddable":true,"href":"https:\/\/setap.az\/index.php?rest_route=%2Fwp%2Fv2%2Fcomments&post=3140"}],"wp:featuredmedia":[{"embeddable":true,"href":"https:\/\/setap.az\/index.php?rest_route=\/wp\/v2\/media\/3141"}],"wp:attachment":[{"href":"https:\/\/setap.az\/index.php?rest_route=%2Fwp%2Fv2%2Fmedia&parent=3140"}],"wp:term":[{"taxonomy":"product_cat","embeddable":true,"href":"https:\/\/setap.az\/index.php?rest_route=%2Fwp%2Fv2%2Fproduct_cat&post=3140"},{"taxonomy":"product_tag","embeddable":true,"href":"https:\/\/setap.az\/index.php?rest_route=%2Fwp%2Fv2%2Fproduct_tag&post=3140"}],"curies":[{"name":"wp","href":"https:\/\/api.w.org\/{rel}","templated":true}]}}