{"id":3142,"date":"2025-05-07T13:05:03","date_gmt":"2025-05-07T09:05:03","guid":{"rendered":"https:\/\/setap.az\/?post_type=product&#038;p=3142"},"modified":"2025-05-07T16:40:45","modified_gmt":"2025-05-07T12:40:45","slug":"12v-30a-setka-adapter","status":"publish","type":"product","link":"https:\/\/setap.az\/?product=12v-30a-setka-adapter","title":{"rendered":"12V 30A Setka Adapter"},"content":{"rendered":"<p>Giri\u015f g\u0259rginliyi: 110\u2013240V AC (universal \u015f\u0259b\u0259k\u0259 giri\u015fi)<br \/>\n\u00c7\u0131x\u0131\u015f g\u0259rginliyi: 12V DC<br \/>\n\u00c7\u0131x\u0131\u015f c\u0259r\u0259yan\u0131: 30A<br \/>\n\u00c7\u0131x\u0131\u015f g\u00fcc\u00fc: 360W (12V \u00d7 30A)<br \/>\nKorpus: D\u0259mir, perforasiyal\u0131 (ventilyasiya \u00fc\u00e7\u00fcn)<br \/>\nQoruma:<br \/>\nQ\u0131saqapanmadan qoruma<br \/>\nH\u0259ddind\u0259n art\u0131q y\u00fckl\u0259nm\u0259d\u0259n qoruma<br \/>\nH\u0259ddind\u0259n art\u0131q g\u0259rginlikd\u0259n qoruma<\/p>\n","protected":false},"excerpt":{"rendered":"<p>Adapter, alternativ c\u0259r\u0259yan\u0131 az miqdarda birba\u015fa c\u0259r\u0259yana \u00e7evir\u0259n elektron cihazd\u0131r.<\/p>\n","protected":false},"featured_media":3141,"comment_status":"open","ping_status":"closed","template":"","meta":[],"product_cat":[2842,2841],"product_tag":[3167,3210,3213,3171,3165,3180,3212,3176,3174,3178,3211,3175,3170,3169,3201],"class_list":{"0":"post-3142","1":"product","2":"type-product","3":"status-publish","4":"has-post-thumbnail","6":"product_cat-adapterlr","7":"product_cat-videonzart","8":"product_tag-12vadapter","9":"product_tag-30aadapter","10":"product_tag-360wadapter","11":"product_tag-cctvqida","12":"product_tag-cctvsystem","13":"product_tag-dc12v","14":"product_tag-diypower","15":"product_tag-elektronika","16":"product_tag-enerjitchizati","17":"product_tag-gucluadapter","18":"product_tag-ledqidabloku","19":"product_tag-powersupply","20":"product_tag-qidabloku","21":"product_tag-setkaadapter","22":"product_tag-texnikihllr","23":"description-off","25":"first","26":"instock","27":"shipping-taxable","28":"purchasable","29":"product-type-simple"},"_links":{"self":[{"href":"https:\/\/setap.az\/index.php?rest_route=\/wp\/v2\/product\/3142","targetHints":{"allow":["GET"]}}],"collection":[{"href":"https:\/\/setap.az\/index.php?rest_route=\/wp\/v2\/product"}],"about":[{"href":"https:\/\/setap.az\/index.php?rest_route=\/wp\/v2\/types\/product"}],"replies":[{"embeddable":true,"href":"https:\/\/setap.az\/index.php?rest_route=%2Fwp%2Fv2%2Fcomments&post=3142"}],"wp:featuredmedia":[{"embeddable":true,"href":"https:\/\/setap.az\/index.php?rest_route=\/wp\/v2\/media\/3141"}],"wp:attachment":[{"href":"https:\/\/setap.az\/index.php?rest_route=%2Fwp%2Fv2%2Fmedia&parent=3142"}],"wp:term":[{"taxonomy":"product_cat","embeddable":true,"href":"https:\/\/setap.az\/index.php?rest_route=%2Fwp%2Fv2%2Fproduct_cat&post=3142"},{"taxonomy":"product_tag","embeddable":true,"href":"https:\/\/setap.az\/index.php?rest_route=%2Fwp%2Fv2%2Fproduct_tag&post=3142"}],"curies":[{"name":"wp","href":"https:\/\/api.w.org\/{rel}","templated":true}]}}