{"id":3144,"date":"2025-05-07T13:06:14","date_gmt":"2025-05-07T09:06:14","guid":{"rendered":"https:\/\/setap.az\/?post_type=product&#038;p=3144"},"modified":"2026-01-06T13:58:44","modified_gmt":"2026-01-06T09:58:44","slug":"12v-40a-setka-adapter","status":"publish","type":"product","link":"https:\/\/setap.az\/?product=12v-40a-setka-adapter","title":{"rendered":"12V 40A Setka Adapter"},"content":{"rendered":"<p>Adapter, alternativ c\u0259r\u0259yan\u0131 az miqdarda birba\u015fa c\u0259r\u0259yana \u00e7evir\u0259n elektron cihazd\u0131r.<br \/>\nBir ne\u00e7\u0259 kameran\u0131 eyni anda enerji il\u0259 t\u0259min etm\u0259k \u00fc\u00e7\u00fcn ideald\u0131r.<br \/>\nCCTV kameralar, LED i\u015f\u0131qlar, 3D printerl\u0259r v\u0259 daha \u00e7oxu \u00fc\u00e7\u00fcn ideal h\u0259ll!<br \/>\nSabit g\u0259rginlik, y\u00fcks\u0259k g\u00fcc, 24\/7 davaml\u0131 i\u015f rejimi!<\/p>\n","protected":false},"excerpt":{"rendered":"<p>Adapter, alternativ c\u0259r\u0259yan\u0131 az miqdarda birba\u015fa c\u0259r\u0259yana \u00e7evir\u0259n elektron cihazd\u0131r.<\/p>\n","protected":false},"featured_media":3141,"comment_status":"open","ping_status":"closed","template":"","meta":[],"product_cat":[2842,2841],"product_tag":[3167,3168,3171,3165,3180,3173,3176,3174,3178,3179,3172,3175,3170,3169,3177],"class_list":{"0":"post-3144","1":"product","2":"type-product","3":"status-publish","4":"has-post-thumbnail","6":"product_cat-adapterlr","7":"product_cat-videonzart","8":"product_tag-12vadapter","9":"product_tag-40aadapter","10":"product_tag-cctvqida","11":"product_tag-cctvsystem","12":"product_tag-dc12v","13":"product_tag-dcadapter","14":"product_tag-elektronika","15":"product_tag-enerjitchizati","16":"product_tag-gucluadapter","17":"product_tag-ledisiqlandirma","18":"product_tag-ledpowersupply","19":"product_tag-powersupply","20":"product_tag-qidabloku","21":"product_tag-setkaadapter","22":"product_tag-texnikitchizat","23":"description-off","25":"first","26":"instock","27":"shipping-taxable","28":"purchasable","29":"product-type-simple"},"_links":{"self":[{"href":"https:\/\/setap.az\/index.php?rest_route=\/wp\/v2\/product\/3144","targetHints":{"allow":["GET"]}}],"collection":[{"href":"https:\/\/setap.az\/index.php?rest_route=\/wp\/v2\/product"}],"about":[{"href":"https:\/\/setap.az\/index.php?rest_route=\/wp\/v2\/types\/product"}],"replies":[{"embeddable":true,"href":"https:\/\/setap.az\/index.php?rest_route=%2Fwp%2Fv2%2Fcomments&post=3144"}],"wp:featuredmedia":[{"embeddable":true,"href":"https:\/\/setap.az\/index.php?rest_route=\/wp\/v2\/media\/3141"}],"wp:attachment":[{"href":"https:\/\/setap.az\/index.php?rest_route=%2Fwp%2Fv2%2Fmedia&parent=3144"}],"wp:term":[{"taxonomy":"product_cat","embeddable":true,"href":"https:\/\/setap.az\/index.php?rest_route=%2Fwp%2Fv2%2Fproduct_cat&post=3144"},{"taxonomy":"product_tag","embeddable":true,"href":"https:\/\/setap.az\/index.php?rest_route=%2Fwp%2Fv2%2Fproduct_tag&post=3144"}],"curies":[{"name":"wp","href":"https:\/\/api.w.org\/{rel}","templated":true}]}}