{"id":3149,"date":"2025-05-07T13:09:28","date_gmt":"2025-05-07T09:09:28","guid":{"rendered":"https:\/\/setap.az\/?post_type=product&#038;p=3149"},"modified":"2025-06-19T12:11:07","modified_gmt":"2025-06-19T08:11:07","slug":"blok-pitaniya-9ch","status":"publish","type":"product","link":"https:\/\/setap.az\/?product=blok-pitaniya-9ch","title":{"rendered":"Qida Bloku 9ch"},"content":{"rendered":"<p>9 Kanal CCTV Qida Bloku 12V 10A 120W \u2013 bu cihaz, t\u0259hl\u00fck\u0259sizlik kameralar\u0131n\u0131n enerji il\u0259 t\u0259min olunmas\u0131 \u00fc\u00e7\u00fcn istifad\u0259 olunan paylay\u0131c\u0131 enerji m\u0259nb\u0259yidir. X\u00fcsusil\u0259 ki\u00e7ik v\u0259 orta h\u0259cmli m\u00fc\u015fahid\u0259 sisteml\u0259ri \u00fc\u00e7\u00fcn ideald\u0131r.<br \/>\n\u00c7\u0131x\u0131\u015f voltaj\u0131&#8212;120 W 10 Amper<br \/>\nGiri\u015f voltaj\u0131&#8212;12 V<br \/>\n\u0130\u015f g\u0259rginliyi&#8212;100-240 (V)<br \/>\n\u0130\u015fl\u0259m\u0259 Tempraturu&#8212;20-80 \u2103<br \/>\n\u0130\u015fl\u0259m\u0259 tezliyi&#8212;50-60 HZ<br \/>\nModel&#8212;12V-10A 9CH<br \/>\n\u00d6l\u00e7\u00fc&#8212;23.5sm * 20sm * 6sm<br \/>\nT\u0259yinat&#8212;CCTV Kameralar<br \/>\n\u018flav\u0259&#8212;Y\u00fckl\u0259nm\u0259, \u0130stilik, Q\u0131sa Qapanma Qorumas\u0131 var<\/p>\n","protected":false},"excerpt":{"rendered":"<p>9 Kanal CCTV Qida Bloku 12V 10A 120W \u2013 bu cihaz, t\u0259hl\u00fck\u0259sizlik kameralar\u0131n\u0131n enerji il\u0259 t\u0259min olunmas\u0131 \u00fc\u00e7\u00fcn istifad\u0259 olunan paylay\u0131c\u0131 enerji m\u0259nb\u0259yidir. X\u00fcsusil\u0259 ki\u00e7ik v\u0259 orta h\u0259cmli m\u00fc\u015fahid\u0259 sisteml\u0259ri \u00fc\u00e7\u00fcn ideald\u0131r. \u00c7\u0131x\u0131\u015f voltaj\u0131&#8212;120 W 10 Amper Giri\u015f voltaj\u0131&#8212;12 V \u0130\u015f g\u0259rginliyi&#8212;100-240 (V) \u0130\u015fl\u0259m\u0259 Tempraturu&#8212;20-80 \u2103 \u0130\u015fl\u0259m\u0259 tezliyi&#8212;50-60 HZ Model&#8212;12V-10A 9CH \u00d6l\u00e7\u00fc&#8212;23.5sm * 20sm *&hellip;<\/p>\n","protected":false},"featured_media":3150,"comment_status":"open","ping_status":"closed","template":"","meta":[],"product_cat":[2842,2841],"product_tag":[3183,3181,3182,3166,3165,3180,3164,3185,3184,3163,3187,3186,3169],"class_list":{"0":"post-3149","1":"product","2":"type-product","3":"status-publish","4":"has-post-thumbnail","6":"product_cat-adapterlr","7":"product_cat-videonzart","8":"product_tag-120wadapter","9":"product_tag-12vpowersupply","10":"product_tag-9kanalqida","11":"product_tag-cctvqidabloku","12":"product_tag-cctvsystem","13":"product_tag-dc12v","14":"product_tag-elektrontchizat","15":"product_tag-gucluqidabloku","16":"product_tag-kameraenerji","17":"product_tag-kameraqidabloku","18":"product_tag-qisaqapanmaqoruma","19":"product_tag-securitypower","20":"product_tag-setkaadapter","21":"description-off","23":"first","24":"instock","25":"shipping-taxable","26":"purchasable","27":"product-type-simple"},"_links":{"self":[{"href":"https:\/\/setap.az\/index.php?rest_route=\/wp\/v2\/product\/3149","targetHints":{"allow":["GET"]}}],"collection":[{"href":"https:\/\/setap.az\/index.php?rest_route=\/wp\/v2\/product"}],"about":[{"href":"https:\/\/setap.az\/index.php?rest_route=\/wp\/v2\/types\/product"}],"replies":[{"embeddable":true,"href":"https:\/\/setap.az\/index.php?rest_route=%2Fwp%2Fv2%2Fcomments&post=3149"}],"wp:featuredmedia":[{"embeddable":true,"href":"https:\/\/setap.az\/index.php?rest_route=\/wp\/v2\/media\/3150"}],"wp:attachment":[{"href":"https:\/\/setap.az\/index.php?rest_route=%2Fwp%2Fv2%2Fmedia&parent=3149"}],"wp:term":[{"taxonomy":"product_cat","embeddable":true,"href":"https:\/\/setap.az\/index.php?rest_route=%2Fwp%2Fv2%2Fproduct_cat&post=3149"},{"taxonomy":"product_tag","embeddable":true,"href":"https:\/\/setap.az\/index.php?rest_route=%2Fwp%2Fv2%2Fproduct_tag&post=3149"}],"curies":[{"name":"wp","href":"https:\/\/api.w.org\/{rel}","templated":true}]}}