{"id":3151,"date":"2025-05-07T13:10:00","date_gmt":"2025-05-07T09:10:00","guid":{"rendered":"https:\/\/setap.az\/?post_type=product&#038;p=3151"},"modified":"2026-02-25T14:10:04","modified_gmt":"2026-02-25T10:10:04","slug":"blok-pitaniya-18ch","status":"publish","type":"product","link":"https:\/\/setap.az\/?product=blok-pitaniya-18ch","title":{"rendered":"Qida Bloku 18ch"},"content":{"rendered":"<p>Qida Bloku 18 kanal<br \/>\n\u00c7\u0131x\u0131\u015f voltaj\u0131&#8212;-360 W 30 Amper<br \/>\nGiri\u015f voltaj\u0131&#8212;&#8211;12 V<br \/>\n\u0130\u015f g\u0259rginliyi&#8212;-100-240 (V)<br \/>\n\u0130\u015fl\u0259m\u0259 Tempraturu&#8212;&#8211;20-80 \u2103<br \/>\n\u0130\u015fl\u0259m\u0259 tezliyi&#8212;&#8211;50-60 HZ<br \/>\nModel&#8212;&#8211;12V-30A 18CH<br \/>\n\u00d6l\u00e7\u00fc&#8212;&#8211;31.5sm * 22sm * 6sm<br \/>\nT\u0259yinat&#8212;&#8211;CCTV Kameralar<br \/>\n\u018flav\u0259&#8212;-Y\u00fckl\u0259nm\u0259, \u0130stilik, Q\u0131sa Qapanma Qorumas\u0131 var.<br \/>\nCCTV kamera t\u0259hl\u00fck\u0259sizliyi \u00fc\u00e7\u00fcn g\u00fcc t\u0259chizat\u0131 qutusu.<br \/>\nToz v\u0259 ya\u011f\u0131\u015f kimi xarici amill\u0259rd\u0259n qorunmaq \u00fc\u00e7\u00fcn metaldan haz\u0131rlanm\u0131\u015fd\u0131r.<br \/>\nH\u0259r kanal Auto Reset PTC qoruyucular\u0131 il\u0259 qorunur, y\u0259ni bu qoruyucular \u0259sm\u0259y\u0259c\u0259kdir. Bu qutu ist\u0259nil\u0259n s\u0259th\u0259 qura\u015fd\u0131r\u0131la bil\u0259r,<br \/>\nGiri\u015f: AC 110 \/ 220V<br \/>\n\u00c7\u0131x\u0131\u015f: DC 12V 10-15-20-30A<br \/>\nT\u0259hl\u00fck\u0259sizlik q\u0259f\u0259s sistemi.<br \/>\nG\u00fcc qoruma funksiyas\u0131 v\u0259 q\u0131sa d\u00f6vr\u0259 qorunmas\u0131.<br \/>\n\u0130st\u0259nil\u0259n standart CCTV kameran\u0131 asanl\u0131qla DVR-\u0259 qo\u015fulur<\/p>\n","protected":false},"excerpt":{"rendered":"<p>Qida Bloku 18 kanal \u00c7\u0131x\u0131\u015f voltaj\u0131&#8212;-360 W 30 Amper Giri\u015f voltaj\u0131&#8212;&#8211;12 V \u0130\u015f g\u0259rginliyi&#8212;-100-240 (V) \u0130\u015fl\u0259m\u0259 Tempraturu&#8212;&#8211;20-80 \u2103 \u0130\u015fl\u0259m\u0259 tezliyi&#8212;&#8211;50-60 HZ Model&#8212;&#8211;12V-30A 18CH \u00d6l\u00e7\u00fc&#8212;&#8211;31.5sm * 22sm * 6sm T\u0259yinat&#8212;&#8211;CCTV Kameralar \u018flav\u0259&#8212;-Y\u00fckl\u0259nm\u0259, \u0130stilik, Q\u0131sa Qapanma Qorumas\u0131 var. CCTV kamera t\u0259hl\u00fck\u0259sizliyi \u00fc\u00e7\u00fcn g\u00fcc t\u0259chizat\u0131 qutusu. Toz v\u0259 ya\u011f\u0131\u015f kimi xarici amill\u0259rd\u0259n qorunmaq \u00fc\u00e7\u00fcn metaldan haz\u0131rlanm\u0131\u015fd\u0131r. H\u0259r kanal&hellip;<\/p>\n","protected":false},"featured_media":3152,"comment_status":"open","ping_status":"closed","template":"","meta":[],"product_cat":[2842,2841],"product_tag":[3166,3165,3164,3162,3163],"class_list":{"0":"post-3151","1":"product","2":"type-product","3":"status-publish","4":"has-post-thumbnail","6":"product_cat-adapterlr","7":"product_cat-videonzart","8":"product_tag-cctvqidabloku","9":"product_tag-cctvsystem","10":"product_tag-elektrontchizat","11":"product_tag-gucqaynagi","12":"product_tag-kameraqidabloku","13":"description-off","15":"first","16":"instock","17":"shipping-taxable","18":"purchasable","19":"product-type-simple"},"_links":{"self":[{"href":"https:\/\/setap.az\/index.php?rest_route=\/wp\/v2\/product\/3151","targetHints":{"allow":["GET"]}}],"collection":[{"href":"https:\/\/setap.az\/index.php?rest_route=\/wp\/v2\/product"}],"about":[{"href":"https:\/\/setap.az\/index.php?rest_route=\/wp\/v2\/types\/product"}],"replies":[{"embeddable":true,"href":"https:\/\/setap.az\/index.php?rest_route=%2Fwp%2Fv2%2Fcomments&post=3151"}],"wp:featuredmedia":[{"embeddable":true,"href":"https:\/\/setap.az\/index.php?rest_route=\/wp\/v2\/media\/3152"}],"wp:attachment":[{"href":"https:\/\/setap.az\/index.php?rest_route=%2Fwp%2Fv2%2Fmedia&parent=3151"}],"wp:term":[{"taxonomy":"product_cat","embeddable":true,"href":"https:\/\/setap.az\/index.php?rest_route=%2Fwp%2Fv2%2Fproduct_cat&post=3151"},{"taxonomy":"product_tag","embeddable":true,"href":"https:\/\/setap.az\/index.php?rest_route=%2Fwp%2Fv2%2Fproduct_tag&post=3151"}],"curies":[{"name":"wp","href":"https:\/\/api.w.org\/{rel}","templated":true}]}}